{"id":9509,"date":"2021-02-17T13:54:18","date_gmt":"2021-02-17T10:54:18","guid":{"rendered":"https:\/\/homeemotion.lt\/?post_type=product&#038;p=9509"},"modified":"2026-04-17T19:11:39","modified_gmt":"2026-04-17T16:11:39","slug":"kasimikser-cuisinart-juhtmevaba","status":"publish","type":"product","link":"https:\/\/homeemotion.lt\/lt\/toode\/kasimikser-cuisinart-juhtmevaba\/","title":{"rendered":"Rankinis mai\u0161ytuvas \"Cuisinart\", belaidis"},"content":{"rendered":"<p><iframe loading=\"lazy\" title=\"Cordless Power Hand Mixer\" width=\"980\" height=\"551\" src=\"https:\/\/www.youtube.com\/embed\/ZYRDcI8GBK4?feature=oembed\" frameborder=\"0\" allow=\"accelerometer; autoplay; clipboard-write; encrypted-media; gyroscope; picture-in-picture\" allowfullscreen><\/iframe><\/p>","protected":false},"excerpt":{"rendered":"<p>K\u00e4simikser juhtmeta kasutusega. Kompaktne suurus h\u00f5lpsaks k\u00e4sitsemiseks ja ladustamiseks. Saab asetada vertikaalselt t\u00f6\u00f6pinnale. Kergesti puhastatavad roostevabast terasest visplid. 5 kiiruse seadet. 130 minutit t\u00e4islaadimist umbes 20-minutise pideva kasutamise korral. Liitiumioonaku p\u00fcsiva ja suure v\u00f5imsuse tagamiseks. Aku m\u00e4rgutuli, mis n\u00e4itab laetuse taset. USB-kaabel ja adapter optimaalseks laadimiseks<\/p>","protected":false},"featured_media":17179,"template":"","meta":{"om_disable_all_campaigns":false,"_uf_show_specific_survey":0,"_uf_disable_surveys":false},"product_brand":[1100],"product_cat":[955,973,1022],"product_tag":[56],"class_list":{"0":"post-9509","1":"product","2":"type-product","3":"status-publish","4":"has-post-thumbnail","6":"product_brand-cuisinart","7":"product_cat-kodu","8":"product_cat-koogitehnika","9":"product_cat-mikserid","10":"product_tag-cuisinart","12":"first","13":"instock","14":"taxable","15":"shipping-taxable","16":"purchasable","17":"product-type-simple"},"aioseo_notices":[],"_links":{"self":[{"href":"https:\/\/homeemotion.lt\/lt\/wp-json\/wp\/v2\/product\/9509","targetHints":{"allow":["GET"]}}],"collection":[{"href":"https:\/\/homeemotion.lt\/lt\/wp-json\/wp\/v2\/product"}],"about":[{"href":"https:\/\/homeemotion.lt\/lt\/wp-json\/wp\/v2\/types\/product"}],"wp:featuredmedia":[{"embeddable":true,"href":"https:\/\/homeemotion.lt\/lt\/wp-json\/wp\/v2\/media\/17179"}],"wp:attachment":[{"href":"https:\/\/homeemotion.lt\/lt\/wp-json\/wp\/v2\/media?parent=9509"}],"wp:term":[{"taxonomy":"product_brand","embeddable":true,"href":"https:\/\/homeemotion.lt\/lt\/wp-json\/wp\/v2\/product_brand?post=9509"},{"taxonomy":"product_cat","embeddable":true,"href":"https:\/\/homeemotion.lt\/lt\/wp-json\/wp\/v2\/product_cat?post=9509"},{"taxonomy":"product_tag","embeddable":true,"href":"https:\/\/homeemotion.lt\/lt\/wp-json\/wp\/v2\/product_tag?post=9509"}],"curies":[{"name":"wp","href":"https:\/\/api.w.org\/{rel}","templated":true}]}}