{"id":9462,"date":"2021-01-20T16:03:31","date_gmt":"2021-01-20T13:03:31","guid":{"rendered":"https:\/\/homeemotion.lt\/?post_type=product&#038;p=9462"},"modified":"2026-04-21T14:13:17","modified_gmt":"2026-04-21T11:13:17","slug":"roster-cuisinart","status":"publish","type":"product","link":"https:\/\/homeemotion.lt\/lt\/toode\/roster-cuisinart\/","title":{"rendered":"Skrudintuvas \"Cuisinart\", skirtas 2 riekel\u0117ms, tamsiai pilkos spalvos"},"content":{"rendered":"","protected":false},"excerpt":{"rendered":"<p>Kahe laia avaga. Kolm funktsiooni nuppu: soojendamine, sulatamine ja r\u00f6stimise katkestamine. P\u00f6\u00f6rdl\u00fcliti pruunistamisastme reguleerimiseks. Eemaldatav purukandik. V\u00e4rv: tumehall<\/p>\n<p>V\u00f5imsus: 1000W | V\u00e4rv: tumehall<\/p>","protected":false},"featured_media":16878,"template":"","meta":{"om_disable_all_campaigns":false,"_uf_show_specific_survey":0,"_uf_disable_surveys":false},"product_brand":[1100],"product_cat":[1006,1011,1001],"product_tag":[56],"class_list":{"0":"post-9462","1":"product","2":"type-product","3":"status-publish","4":"has-post-thumbnail","6":"product_brand-cuisinart","7":"product_cat-koogitehnika-tehnika","8":"product_cat-rosterid","9":"product_cat-tehnika","10":"product_tag-cuisinart","12":"first","13":"instock","14":"taxable","15":"shipping-taxable","16":"purchasable","17":"product-type-simple"},"aioseo_notices":[],"_links":{"self":[{"href":"https:\/\/homeemotion.lt\/lt\/wp-json\/wp\/v2\/product\/9462","targetHints":{"allow":["GET"]}}],"collection":[{"href":"https:\/\/homeemotion.lt\/lt\/wp-json\/wp\/v2\/product"}],"about":[{"href":"https:\/\/homeemotion.lt\/lt\/wp-json\/wp\/v2\/types\/product"}],"wp:featuredmedia":[{"embeddable":true,"href":"https:\/\/homeemotion.lt\/lt\/wp-json\/wp\/v2\/media\/16878"}],"wp:attachment":[{"href":"https:\/\/homeemotion.lt\/lt\/wp-json\/wp\/v2\/media?parent=9462"}],"wp:term":[{"taxonomy":"product_brand","embeddable":true,"href":"https:\/\/homeemotion.lt\/lt\/wp-json\/wp\/v2\/product_brand?post=9462"},{"taxonomy":"product_cat","embeddable":true,"href":"https:\/\/homeemotion.lt\/lt\/wp-json\/wp\/v2\/product_cat?post=9462"},{"taxonomy":"product_tag","embeddable":true,"href":"https:\/\/homeemotion.lt\/lt\/wp-json\/wp\/v2\/product_tag?post=9462"}],"curies":[{"name":"wp","href":"https:\/\/api.w.org\/{rel}","templated":true}]}}