{"id":9451,"date":"2021-01-20T15:43:06","date_gmt":"2021-01-20T12:43:06","guid":{"rendered":"https:\/\/homeemotion.lt\/?post_type=product&#038;p=9451"},"modified":"2026-04-17T20:36:24","modified_gmt":"2026-04-17T17:36:24","slug":"veekeetja-cuisinart","status":"publish","type":"product","link":"https:\/\/homeemotion.lt\/lt\/toode\/veekeetja-cuisinart\/","title":{"rendered":"Arbatinukas Cuisinart 1,7 l tamsiai pilkos spalvos"},"content":{"rendered":"","protected":false},"excerpt":{"rendered":"<p>Maht: minimaalne 0,5L ja maksimaalne 1,5L. 360\u02da p\u00f6\u00f6rlev alus. Nupust avatav kaas. Veetaseme n\u00e4idik. Automaatne v\u00e4ljal\u00fclitus. Valgustatud sisse- ja v\u00e4ljal\u00fclitusnupp. V\u00e4rv: tumehall<\/p>\n<p>V\u00f5imsus 3000W | V\u00e4rv: tumehall<\/p>","protected":false},"featured_media":16866,"template":"","meta":{"om_disable_all_campaigns":false,"_uf_show_specific_survey":0,"_uf_disable_surveys":false},"product_brand":[1100],"product_cat":[1006,1001,1010],"product_tag":[56],"class_list":{"0":"post-9451","1":"product","2":"type-product","3":"status-publish","4":"has-post-thumbnail","6":"product_brand-cuisinart","7":"product_cat-koogitehnika-tehnika","8":"product_cat-tehnika","9":"product_cat-veekeetjad","10":"product_tag-cuisinart","12":"first","13":"instock","14":"taxable","15":"shipping-taxable","16":"purchasable","17":"product-type-simple"},"aioseo_notices":[],"_links":{"self":[{"href":"https:\/\/homeemotion.lt\/lt\/wp-json\/wp\/v2\/product\/9451","targetHints":{"allow":["GET"]}}],"collection":[{"href":"https:\/\/homeemotion.lt\/lt\/wp-json\/wp\/v2\/product"}],"about":[{"href":"https:\/\/homeemotion.lt\/lt\/wp-json\/wp\/v2\/types\/product"}],"wp:featuredmedia":[{"embeddable":true,"href":"https:\/\/homeemotion.lt\/lt\/wp-json\/wp\/v2\/media\/16866"}],"wp:attachment":[{"href":"https:\/\/homeemotion.lt\/lt\/wp-json\/wp\/v2\/media?parent=9451"}],"wp:term":[{"taxonomy":"product_brand","embeddable":true,"href":"https:\/\/homeemotion.lt\/lt\/wp-json\/wp\/v2\/product_brand?post=9451"},{"taxonomy":"product_cat","embeddable":true,"href":"https:\/\/homeemotion.lt\/lt\/wp-json\/wp\/v2\/product_cat?post=9451"},{"taxonomy":"product_tag","embeddable":true,"href":"https:\/\/homeemotion.lt\/lt\/wp-json\/wp\/v2\/product_tag?post=9451"}],"curies":[{"name":"wp","href":"https:\/\/api.w.org\/{rel}","templated":true}]}}