{"id":9368,"date":"2021-01-06T10:11:06","date_gmt":"2021-01-06T07:11:06","guid":{"rendered":"https:\/\/homeemotion.lt\/?post_type=product&#038;p=9368"},"modified":"2026-04-21T14:13:17","modified_gmt":"2026-04-21T11:13:17","slug":"lokitangid-babyliss-10-mm","status":"publish","type":"product","link":"https:\/\/homeemotion.lt\/lt\/toode\/lokitangid-babyliss-10-mm\/","title":{"rendered":"Garbanojimo \u017enypl\u0117s Babyliss 10 mm"},"content":{"rendered":"","protected":false},"excerpt":{"rendered":"<p>Lokitangide l\u00e4bim\u00f5\u00f5t: 10 mm. Kvarts-keraamiline kate. Kiirsoojenemine. 6 temperatuuri astet: 160\u00b0C \u2013 210\u00b0C. Mittekuumenev ots. Automaatne v\u00e4ljal\u00fclitus. Komplekti kuulub lisaks kuumakinnas ja kuumamatt<\/p>","protected":false},"featured_media":16847,"template":"","meta":{"om_disable_all_campaigns":false,"_uf_show_specific_survey":0,"_uf_disable_surveys":false},"product_brand":[1087],"product_cat":[985,986,987],"product_tag":[19],"class_list":{"0":"post-9368","1":"product","2":"type-product","3":"status-publish","4":"has-post-thumbnail","6":"product_brand-babyliss","7":"product_cat-ilu","8":"product_cat-ilutooted","9":"product_cat-lokitangid","10":"product_tag-babyliss","12":"first","13":"instock","14":"taxable","15":"shipping-taxable","16":"purchasable","17":"product-type-simple"},"aioseo_notices":[],"_links":{"self":[{"href":"https:\/\/homeemotion.lt\/lt\/wp-json\/wp\/v2\/product\/9368","targetHints":{"allow":["GET"]}}],"collection":[{"href":"https:\/\/homeemotion.lt\/lt\/wp-json\/wp\/v2\/product"}],"about":[{"href":"https:\/\/homeemotion.lt\/lt\/wp-json\/wp\/v2\/types\/product"}],"wp:featuredmedia":[{"embeddable":true,"href":"https:\/\/homeemotion.lt\/lt\/wp-json\/wp\/v2\/media\/16847"}],"wp:attachment":[{"href":"https:\/\/homeemotion.lt\/lt\/wp-json\/wp\/v2\/media?parent=9368"}],"wp:term":[{"taxonomy":"product_brand","embeddable":true,"href":"https:\/\/homeemotion.lt\/lt\/wp-json\/wp\/v2\/product_brand?post=9368"},{"taxonomy":"product_cat","embeddable":true,"href":"https:\/\/homeemotion.lt\/lt\/wp-json\/wp\/v2\/product_cat?post=9368"},{"taxonomy":"product_tag","embeddable":true,"href":"https:\/\/homeemotion.lt\/lt\/wp-json\/wp\/v2\/product_tag?post=9368"}],"curies":[{"name":"wp","href":"https:\/\/api.w.org\/{rel}","templated":true}]}}