{"id":9330,"date":"2021-01-05T15:39:39","date_gmt":"2021-01-05T12:39:39","guid":{"rendered":"https:\/\/homeemotion.lt\/?post_type=product&#038;p=9330"},"modified":"2026-04-17T19:11:41","modified_gmt":"2026-04-17T16:11:41","slug":"sirgendaja-babyliss-sleek-control-wide","status":"publish","type":"product","link":"https:\/\/homeemotion.lt\/lt\/toode\/sirgendaja-babyliss-sleek-control-wide\/","title":{"rendered":"Tiesintuvas \"Babyliss Sleek Control Wide"},"content":{"rendered":"","protected":false},"excerpt":{"rendered":"<p>Turmaliin-keraamilised plaadid. Ioonhooldus. 6 temperatuuriastet: 140\u00b0C &#8211; 235\u00b0C. Kiire kuumenemine. Automaatne v\u00e4ljal\u00fclitus. Kuumakindel matt. 2,5 m p\u00f6\u00f6rlev juhe<\/p>","protected":false},"featured_media":17200,"template":"","meta":{"om_disable_all_campaigns":false,"_uf_show_specific_survey":0,"_uf_disable_surveys":false},"product_brand":[1087],"product_cat":[985,986,1067],"product_tag":[19],"class_list":{"0":"post-9330","1":"product","2":"type-product","3":"status-publish","4":"has-post-thumbnail","6":"product_brand-babyliss","7":"product_cat-ilu","8":"product_cat-ilutooted","9":"product_cat-juuksesirgendaja","10":"product_tag-babyliss","12":"first","13":"instock","14":"taxable","15":"shipping-taxable","16":"purchasable","17":"product-type-simple"},"aioseo_notices":[],"_links":{"self":[{"href":"https:\/\/homeemotion.lt\/lt\/wp-json\/wp\/v2\/product\/9330","targetHints":{"allow":["GET"]}}],"collection":[{"href":"https:\/\/homeemotion.lt\/lt\/wp-json\/wp\/v2\/product"}],"about":[{"href":"https:\/\/homeemotion.lt\/lt\/wp-json\/wp\/v2\/types\/product"}],"wp:featuredmedia":[{"embeddable":true,"href":"https:\/\/homeemotion.lt\/lt\/wp-json\/wp\/v2\/media\/17200"}],"wp:attachment":[{"href":"https:\/\/homeemotion.lt\/lt\/wp-json\/wp\/v2\/media?parent=9330"}],"wp:term":[{"taxonomy":"product_brand","embeddable":true,"href":"https:\/\/homeemotion.lt\/lt\/wp-json\/wp\/v2\/product_brand?post=9330"},{"taxonomy":"product_cat","embeddable":true,"href":"https:\/\/homeemotion.lt\/lt\/wp-json\/wp\/v2\/product_cat?post=9330"},{"taxonomy":"product_tag","embeddable":true,"href":"https:\/\/homeemotion.lt\/lt\/wp-json\/wp\/v2\/product_tag?post=9330"}],"curies":[{"name":"wp","href":"https:\/\/api.w.org\/{rel}","templated":true}]}}