{"id":9287,"date":"2021-01-05T09:59:27","date_gmt":"2021-01-05T06:59:27","guid":{"rendered":"https:\/\/homeemotion.lt\/?post_type=product&#038;p=9287"},"modified":"2026-04-21T14:13:22","modified_gmt":"2026-04-21T11:13:22","slug":"juukseloikur-babyliss-6","status":"publish","type":"product","link":"https:\/\/homeemotion.lt\/lt\/toode\/juukseloikur-babyliss-6\/","title":{"rendered":"\"Babyliss\" plauk\u0173 kirpimo ma\u0161in\u0117l\u0117, \u012fkraunama ir maitinama i\u0161 tinklo"},"content":{"rendered":"","protected":false},"excerpt":{"rendered":"<p>Juuksel\u00f5ikur liitium-ioon akuga. Juhtmega v\u00f5i juhtmeta kasutus. Kiire laadimine 3 tundi v\u00f5imaldab 160 minutit juhtmeta kasutamist. Kiirlaadimine 30 minutit v\u00f5imaldab 15 minutit juhtmeta kasutamist. Titaanist s\u00fcsinikterad. 8 l\u00f5ikejuhikut. 45 reguleeritavat l\u00f5ikepikkust: 0,6 &#8211; 28 mm. Eemaldatav ja vee all pestav tera. Hoiukarp<\/p>","protected":false},"featured_media":17003,"template":"","meta":{"om_disable_all_campaigns":false,"_uf_show_specific_survey":0,"_uf_disable_surveys":false},"product_brand":[1087],"product_cat":[985,986,1049],"product_tag":[19],"class_list":{"0":"post-9287","1":"product","2":"type-product","3":"status-publish","4":"has-post-thumbnail","6":"product_brand-babyliss","7":"product_cat-ilu","8":"product_cat-ilutooted","9":"product_cat-juukseloikurid","10":"product_tag-babyliss","12":"first","13":"instock","14":"taxable","15":"shipping-taxable","16":"purchasable","17":"product-type-simple"},"aioseo_notices":[],"_links":{"self":[{"href":"https:\/\/homeemotion.lt\/lt\/wp-json\/wp\/v2\/product\/9287","targetHints":{"allow":["GET"]}}],"collection":[{"href":"https:\/\/homeemotion.lt\/lt\/wp-json\/wp\/v2\/product"}],"about":[{"href":"https:\/\/homeemotion.lt\/lt\/wp-json\/wp\/v2\/types\/product"}],"wp:featuredmedia":[{"embeddable":true,"href":"https:\/\/homeemotion.lt\/lt\/wp-json\/wp\/v2\/media\/17003"}],"wp:attachment":[{"href":"https:\/\/homeemotion.lt\/lt\/wp-json\/wp\/v2\/media?parent=9287"}],"wp:term":[{"taxonomy":"product_brand","embeddable":true,"href":"https:\/\/homeemotion.lt\/lt\/wp-json\/wp\/v2\/product_brand?post=9287"},{"taxonomy":"product_cat","embeddable":true,"href":"https:\/\/homeemotion.lt\/lt\/wp-json\/wp\/v2\/product_cat?post=9287"},{"taxonomy":"product_tag","embeddable":true,"href":"https:\/\/homeemotion.lt\/lt\/wp-json\/wp\/v2\/product_tag?post=9287"}],"curies":[{"name":"wp","href":"https:\/\/api.w.org\/{rel}","templated":true}]}}