{"id":9230,"date":"2020-12-18T09:05:38","date_gmt":"2020-12-18T06:05:38","guid":{"rendered":"https:\/\/homeemotion.lt\/?post_type=product&#038;p=9230"},"modified":"2026-04-17T19:11:19","modified_gmt":"2026-04-17T16:11:19","slug":"juuksekoolutaja-babyliss-1000w-2","status":"publish","type":"product","link":"https:\/\/homeemotion.lt\/lt\/toode\/juuksekoolutaja-babyliss-1000w-2\/","title":{"rendered":"Plauk\u0173 garbanojimo \u017enypl\u0117 \"Babyliss\" 1000 W, 4 antgaliai"},"content":{"rendered":"","protected":false},"excerpt":{"rendered":"<p>2 kiiruse\/temperatuuri astet + jahe \u00f5hk. 50mm termoharjastega otsik. Koonusekujuline ots loomulike lokkide jaoks. \u00d5husuunaja. Siluv hari. Ionisaator (staatilise elektri v\u00e4hendamine). P\u00f6\u00f6rlev juhe 2,2m<\/p>\n<p>Galia 1000 W<\/p>","protected":false},"featured_media":16830,"template":"","meta":{"om_disable_all_campaigns":false,"_uf_show_specific_survey":0,"_uf_disable_surveys":false},"product_brand":[1087],"product_cat":[985,986,1005],"product_tag":[19],"class_list":{"0":"post-9230","1":"product","2":"type-product","3":"status-publish","4":"has-post-thumbnail","6":"product_brand-babyliss","7":"product_cat-ilu","8":"product_cat-ilutooted","9":"product_cat-koolutajad","10":"product_tag-babyliss","12":"first","13":"instock","14":"taxable","15":"shipping-taxable","16":"purchasable","17":"product-type-simple"},"aioseo_notices":[],"_links":{"self":[{"href":"https:\/\/homeemotion.lt\/lt\/wp-json\/wp\/v2\/product\/9230","targetHints":{"allow":["GET"]}}],"collection":[{"href":"https:\/\/homeemotion.lt\/lt\/wp-json\/wp\/v2\/product"}],"about":[{"href":"https:\/\/homeemotion.lt\/lt\/wp-json\/wp\/v2\/types\/product"}],"wp:featuredmedia":[{"embeddable":true,"href":"https:\/\/homeemotion.lt\/lt\/wp-json\/wp\/v2\/media\/16830"}],"wp:attachment":[{"href":"https:\/\/homeemotion.lt\/lt\/wp-json\/wp\/v2\/media?parent=9230"}],"wp:term":[{"taxonomy":"product_brand","embeddable":true,"href":"https:\/\/homeemotion.lt\/lt\/wp-json\/wp\/v2\/product_brand?post=9230"},{"taxonomy":"product_cat","embeddable":true,"href":"https:\/\/homeemotion.lt\/lt\/wp-json\/wp\/v2\/product_cat?post=9230"},{"taxonomy":"product_tag","embeddable":true,"href":"https:\/\/homeemotion.lt\/lt\/wp-json\/wp\/v2\/product_tag?post=9230"}],"curies":[{"name":"wp","href":"https:\/\/api.w.org\/{rel}","templated":true}]}}