{"id":9167,"date":"2020-12-04T15:25:23","date_gmt":"2020-12-04T12:25:23","guid":{"rendered":"https:\/\/homeemotion.lt\/?post_type=product&#038;p=9167"},"modified":"2026-04-19T19:11:43","modified_gmt":"2026-04-19T16:11:43","slug":"jaakuubikute-valmistaja-domo","status":"publish","type":"product","link":"https:\/\/homeemotion.lt\/lt\/toode\/jaakuubikute-valmistaja-domo\/","title":{"rendered":"J\u00e4\u00e4kuubikute valmistaja Domo"},"content":{"rendered":"<p>Olge \u00fcllatunud, kui kiiresti saate k\u00f5igi oma lahedate jookide jaoks v\u00e4rskendavaid j\u00e4\u00e4kuubikuid valmistada<\/p>","protected":false},"excerpt":{"rendered":"<p>Veepaak 1,5 L. Iga 8 minutiga valmib 9 j\u00e4\u00e4kuubikut. Valmistab 24 tunni jooksul 12 kg j\u00e4\u00e4d. Eemaldatava korviga. Veetaseme indikaator. T\u00e4iskorvi indikaator. Kompressori ja jahutusvedelikuga R600a. M\u00f5\u00f5tmed: 22,4 x 30,8 x 28,3 cm. Kaasas retseptivihik<\/p>","protected":false},"featured_media":16970,"template":"","meta":{"om_disable_all_campaigns":false,"_uf_show_specific_survey":0,"_uf_disable_surveys":false},"product_brand":[933],"product_cat":[955],"product_tag":[116],"class_list":{"0":"post-9167","1":"product","2":"type-product","3":"status-publish","4":"has-post-thumbnail","6":"product_brand-domo","7":"product_cat-kodu","8":"product_tag-domo","10":"first","11":"instock","12":"taxable","13":"shipping-taxable","14":"purchasable","15":"product-type-simple"},"aioseo_notices":[],"_links":{"self":[{"href":"https:\/\/homeemotion.lt\/lt\/wp-json\/wp\/v2\/product\/9167","targetHints":{"allow":["GET"]}}],"collection":[{"href":"https:\/\/homeemotion.lt\/lt\/wp-json\/wp\/v2\/product"}],"about":[{"href":"https:\/\/homeemotion.lt\/lt\/wp-json\/wp\/v2\/types\/product"}],"wp:featuredmedia":[{"embeddable":true,"href":"https:\/\/homeemotion.lt\/lt\/wp-json\/wp\/v2\/media\/16970"}],"wp:attachment":[{"href":"https:\/\/homeemotion.lt\/lt\/wp-json\/wp\/v2\/media?parent=9167"}],"wp:term":[{"taxonomy":"product_brand","embeddable":true,"href":"https:\/\/homeemotion.lt\/lt\/wp-json\/wp\/v2\/product_brand?post=9167"},{"taxonomy":"product_cat","embeddable":true,"href":"https:\/\/homeemotion.lt\/lt\/wp-json\/wp\/v2\/product_cat?post=9167"},{"taxonomy":"product_tag","embeddable":true,"href":"https:\/\/homeemotion.lt\/lt\/wp-json\/wp\/v2\/product_tag?post=9167"}],"curies":[{"name":"wp","href":"https:\/\/api.w.org\/{rel}","templated":true}]}}