{"id":8989,"date":"2020-11-23T11:51:14","date_gmt":"2020-11-23T08:51:14","guid":{"rendered":"https:\/\/homeemotion.lt\/?post_type=product&#038;p=8989"},"modified":"2026-04-17T17:36:30","modified_gmt":"2026-04-17T14:36:30","slug":"varstolmuimeja-domo-pesufunktsiooniga-3in1","status":"publish","type":"product","link":"https:\/\/homeemotion.lt\/lt\/toode\/varstolmuimeja-domo-pesufunktsiooniga-3in1\/","title":{"rendered":"\"Domo\" dulki\u0173 siurblys su plovimo funkcija 3in1"},"content":{"rendered":"","protected":false},"excerpt":{"rendered":"<p>Kolm \u00fches varstolmuimeja, eemaldatava k\u00e4sitolmuimejaga. Pesemise funktsioon: tolmuimejaga puhastamine ja pesemine \u00fcheaegselt. Tolmuanuma maht 0,5 L. Li-Ion aku 21,6 V. 2 kiiruse seadet. LED valgustus otsikul. Laadimisaeg 4-6 h, t\u00f6\u00f6aeg +\/- 50 min. Kokkupandav vars<\/p>","protected":false},"featured_media":16906,"template":"","meta":{"om_disable_all_campaigns":false,"_uf_show_specific_survey":0,"_uf_disable_surveys":false},"product_brand":[933],"product_cat":[1002,1001,1014],"product_tag":[116],"class_list":{"0":"post-8989","1":"product","2":"type-product","3":"status-publish","4":"has-post-thumbnail","6":"product_brand-domo","7":"product_cat-kodutehnika","8":"product_cat-tehnika","9":"product_cat-varstolmuimeja","10":"product_tag-domo","12":"first","13":"instock","14":"taxable","15":"shipping-taxable","16":"purchasable","17":"product-type-simple"},"aioseo_notices":[],"_links":{"self":[{"href":"https:\/\/homeemotion.lt\/lt\/wp-json\/wp\/v2\/product\/8989","targetHints":{"allow":["GET"]}}],"collection":[{"href":"https:\/\/homeemotion.lt\/lt\/wp-json\/wp\/v2\/product"}],"about":[{"href":"https:\/\/homeemotion.lt\/lt\/wp-json\/wp\/v2\/types\/product"}],"wp:featuredmedia":[{"embeddable":true,"href":"https:\/\/homeemotion.lt\/lt\/wp-json\/wp\/v2\/media\/16906"}],"wp:attachment":[{"href":"https:\/\/homeemotion.lt\/lt\/wp-json\/wp\/v2\/media?parent=8989"}],"wp:term":[{"taxonomy":"product_brand","embeddable":true,"href":"https:\/\/homeemotion.lt\/lt\/wp-json\/wp\/v2\/product_brand?post=8989"},{"taxonomy":"product_cat","embeddable":true,"href":"https:\/\/homeemotion.lt\/lt\/wp-json\/wp\/v2\/product_cat?post=8989"},{"taxonomy":"product_tag","embeddable":true,"href":"https:\/\/homeemotion.lt\/lt\/wp-json\/wp\/v2\/product_tag?post=8989"}],"curies":[{"name":"wp","href":"https:\/\/api.w.org\/{rel}","templated":true}]}}