{"id":8967,"date":"2020-11-23T11:00:36","date_gmt":"2020-11-23T08:00:36","guid":{"rendered":"https:\/\/homeemotion.lt\/?post_type=product&#038;p=8967"},"modified":"2026-04-21T15:37:24","modified_gmt":"2026-04-21T12:37:24","slug":"induktsioon-lauapliit-domo-2","status":"publish","type":"product","link":"https:\/\/homeemotion.lt\/lt\/toode\/induktsioon-lauapliit-domo-2\/","title":{"rendered":"Indukcin\u0117 kaitlent\u0117 2000W"},"content":{"rendered":"","protected":false},"excerpt":{"rendered":"<p>\u00dche keedualaga induktsioonpliit. Keeduplaadi l\u00e4bim\u00f5\u00f5t 20 cm. LED-display. Digitaalne taimer: 3h. 8 v\u00f5imsusastet. \u00dclekuumenemiskaitse. Lastelukk. . M\u00f5\u00f5dud: 29 x 36.5 x 4.5 cm<\/p>\n<p>8 v\u00f5imsusastet V\u00f5imsus 2000 W<\/p>","protected":false},"featured_media":16923,"template":"","meta":{"om_disable_all_campaigns":false,"_uf_show_specific_survey":0,"_uf_disable_surveys":false},"product_brand":[933],"product_cat":[1016,955,973],"product_tag":[116],"class_list":{"0":"post-8967","1":"product","2":"type-product","3":"status-publish","4":"has-post-thumbnail","6":"product_brand-domo","7":"product_cat-elektripliidid","8":"product_cat-kodu","9":"product_cat-koogitehnika","10":"product_tag-domo","12":"first","13":"instock","14":"taxable","15":"shipping-taxable","16":"purchasable","17":"product-type-simple"},"aioseo_notices":[],"_links":{"self":[{"href":"https:\/\/homeemotion.lt\/lt\/wp-json\/wp\/v2\/product\/8967","targetHints":{"allow":["GET"]}}],"collection":[{"href":"https:\/\/homeemotion.lt\/lt\/wp-json\/wp\/v2\/product"}],"about":[{"href":"https:\/\/homeemotion.lt\/lt\/wp-json\/wp\/v2\/types\/product"}],"wp:featuredmedia":[{"embeddable":true,"href":"https:\/\/homeemotion.lt\/lt\/wp-json\/wp\/v2\/media\/16923"}],"wp:attachment":[{"href":"https:\/\/homeemotion.lt\/lt\/wp-json\/wp\/v2\/media?parent=8967"}],"wp:term":[{"taxonomy":"product_brand","embeddable":true,"href":"https:\/\/homeemotion.lt\/lt\/wp-json\/wp\/v2\/product_brand?post=8967"},{"taxonomy":"product_cat","embeddable":true,"href":"https:\/\/homeemotion.lt\/lt\/wp-json\/wp\/v2\/product_cat?post=8967"},{"taxonomy":"product_tag","embeddable":true,"href":"https:\/\/homeemotion.lt\/lt\/wp-json\/wp\/v2\/product_tag?post=8967"}],"curies":[{"name":"wp","href":"https:\/\/api.w.org\/{rel}","templated":true}]}}