{"id":8944,"date":"2020-11-13T14:08:58","date_gmt":"2020-11-13T11:08:58","guid":{"rendered":"https:\/\/homeemotion.lt\/?post_type=product&#038;p=8944"},"modified":"2026-04-17T17:14:28","modified_gmt":"2026-04-17T14:14:28","slug":"cd-raadio-adler","status":"publish","type":"product","link":"https:\/\/homeemotion.lt\/lt\/toode\/cd-raadio-adler\/","title":{"rendered":"CD- Raadio Adler"},"content":{"rendered":"<p>Naudite lihtsaid asju elus ja hindate mugavust. Kompaktse ja kaasaskantava Adleri CD-m\u00e4ngijaga saate nautida oma lemmikmuusikat lihtsasti kasutatavate funktsioonide kaudu.<\/p>","protected":false},"excerpt":{"rendered":"<p>Digitaalne raadio FM. M\u00e4lu kuni 20 raadiojaamale. LCD ekraan. Aku ja vooluv\u00f5rgu t\u00f6\u00f6. Teleskoopantenn. CD MP3-m\u00e4ngija. \u00dchebdus: 1 x USB 2.0. AUX sisend. K\u00f5rvaklappide v\u00e4ljund 3,5mm. Ekvalaiser: FLAT \/ CLASS \/ JAZZ \/ ROCK \/ POP<\/p>","protected":false},"featured_media":16826,"template":"","meta":{"om_disable_all_campaigns":false,"_uf_show_specific_survey":0,"_uf_disable_surveys":false},"product_brand":[1095],"product_cat":[1002,1004,1001],"product_tag":[610],"class_list":{"0":"post-8944","1":"product","2":"type-product","3":"status-publish","4":"has-post-thumbnail","6":"product_brand-adler","7":"product_cat-kodutehnika","8":"product_cat-raadiod","9":"product_cat-tehnika","10":"product_tag-adler","12":"first","13":"instock","14":"taxable","15":"shipping-taxable","16":"purchasable","17":"product-type-simple"},"aioseo_notices":[],"_links":{"self":[{"href":"https:\/\/homeemotion.lt\/lt\/wp-json\/wp\/v2\/product\/8944","targetHints":{"allow":["GET"]}}],"collection":[{"href":"https:\/\/homeemotion.lt\/lt\/wp-json\/wp\/v2\/product"}],"about":[{"href":"https:\/\/homeemotion.lt\/lt\/wp-json\/wp\/v2\/types\/product"}],"wp:featuredmedia":[{"embeddable":true,"href":"https:\/\/homeemotion.lt\/lt\/wp-json\/wp\/v2\/media\/16826"}],"wp:attachment":[{"href":"https:\/\/homeemotion.lt\/lt\/wp-json\/wp\/v2\/media?parent=8944"}],"wp:term":[{"taxonomy":"product_brand","embeddable":true,"href":"https:\/\/homeemotion.lt\/lt\/wp-json\/wp\/v2\/product_brand?post=8944"},{"taxonomy":"product_cat","embeddable":true,"href":"https:\/\/homeemotion.lt\/lt\/wp-json\/wp\/v2\/product_cat?post=8944"},{"taxonomy":"product_tag","embeddable":true,"href":"https:\/\/homeemotion.lt\/lt\/wp-json\/wp\/v2\/product_tag?post=8944"}],"curies":[{"name":"wp","href":"https:\/\/api.w.org\/{rel}","templated":true}]}}