{"id":8885,"date":"2020-10-30T12:35:31","date_gmt":"2020-10-30T09:35:31","guid":{"rendered":"https:\/\/homeemotion.lt\/?post_type=product&#038;p=8885"},"modified":"2026-04-21T14:13:22","modified_gmt":"2026-04-21T11:13:22","slug":"juukseloikur-babyliss-4","status":"publish","type":"product","link":"https:\/\/homeemotion.lt\/lt\/toode\/juukseloikur-babyliss-4\/","title":{"rendered":"Plauk\u0173 kirpimo ma\u0161in\u0117l\u0117 \"Babyliss\", laidin\u0117 plauk\u0173 kirpimo ma\u0161in\u0117l\u0117"},"content":{"rendered":"","protected":false},"excerpt":{"rendered":"<p>Reguleeritav l\u00f5ikepikkus 8 erineva kammi osaga 0,5 &#8211; 25 mm. Lai l\u00f5iketera 45 mm. Juhtmega kasutus. Reguleeritav l\u00f5ikepikkus 8 erineva kammi osaga 0,5 &#8211; 25 mm. V\u00e4rv must<\/p>","protected":false},"featured_media":16990,"template":"","meta":{"om_disable_all_campaigns":false,"_uf_show_specific_survey":0,"_uf_disable_surveys":false},"product_brand":[1087],"product_cat":[985,986,991],"product_tag":[19],"class_list":{"0":"post-8885","1":"product","2":"type-product","3":"status-publish","4":"has-post-thumbnail","6":"product_brand-babyliss","7":"product_cat-ilu","8":"product_cat-ilutooted","9":"product_cat-trimmerid","10":"product_tag-babyliss","12":"first","13":"instock","14":"taxable","15":"shipping-taxable","16":"purchasable","17":"product-type-simple"},"aioseo_notices":[],"_links":{"self":[{"href":"https:\/\/homeemotion.lt\/lt\/wp-json\/wp\/v2\/product\/8885","targetHints":{"allow":["GET"]}}],"collection":[{"href":"https:\/\/homeemotion.lt\/lt\/wp-json\/wp\/v2\/product"}],"about":[{"href":"https:\/\/homeemotion.lt\/lt\/wp-json\/wp\/v2\/types\/product"}],"wp:featuredmedia":[{"embeddable":true,"href":"https:\/\/homeemotion.lt\/lt\/wp-json\/wp\/v2\/media\/16990"}],"wp:attachment":[{"href":"https:\/\/homeemotion.lt\/lt\/wp-json\/wp\/v2\/media?parent=8885"}],"wp:term":[{"taxonomy":"product_brand","embeddable":true,"href":"https:\/\/homeemotion.lt\/lt\/wp-json\/wp\/v2\/product_brand?post=8885"},{"taxonomy":"product_cat","embeddable":true,"href":"https:\/\/homeemotion.lt\/lt\/wp-json\/wp\/v2\/product_cat?post=8885"},{"taxonomy":"product_tag","embeddable":true,"href":"https:\/\/homeemotion.lt\/lt\/wp-json\/wp\/v2\/product_tag?post=8885"}],"curies":[{"name":"wp","href":"https:\/\/api.w.org\/{rel}","templated":true}]}}