{"id":8821,"date":"2020-10-25T13:49:29","date_gmt":"2020-10-25T10:49:29","guid":{"rendered":"https:\/\/homeemotion.lt\/?post_type=product&#038;p=8821"},"modified":"2026-04-17T19:11:25","modified_gmt":"2026-04-17T16:11:25","slug":"kuumaohu-frituur-domo-5l","status":"publish","type":"product","link":"https:\/\/homeemotion.lt\/lt\/toode\/kuumaohu-frituur-domo-5l\/","title":{"rendered":"*Kuuma\u00f5hu frit\u00fc\u00fcr Domo XXL 5L."},"content":{"rendered":"","protected":false},"excerpt":{"rendered":"<p>Kuuma\u00f5huga frit\u00fc\u00fcr: kuni 80% v\u00e4hem rasva kui tavaline praadimine. Kiire \u00f5huringlus kiireks ja madala energiaga praadimiseks. Saab valmistada friikartulit, krokettit, suupisteid, kana, liha, quiche, kooki, jne. Mahutavus: 5 L &#8211; 1,5 kg. Reguleeritav temperatuur vahemikus 80 \u00b0 C kuni 200 \u00b0 C. Taimer kuni 30 minutit. M\u00e4rgutuled sisse \/ v\u00e4lja l\u00fclitamisel ja valmis kasutamiseks. Mittenakkuva kattega grillpann. Lihtne kasutada. Korpus plastikust. \u00dclekuumenemiskaitse<\/p>","protected":false},"featured_media":16928,"template":"","meta":{"om_disable_all_campaigns":false,"_uf_show_specific_survey":0,"_uf_disable_surveys":false},"product_brand":[933],"product_cat":[1019,955,973],"product_tag":[116],"class_list":{"0":"post-8821","1":"product","2":"type-product","3":"status-publish","4":"has-post-thumbnail","6":"product_brand-domo","7":"product_cat-frituurid","8":"product_cat-kodu","9":"product_cat-koogitehnika","10":"product_tag-domo","12":"first","13":"instock","14":"taxable","15":"shipping-taxable","16":"purchasable","17":"product-type-simple"},"aioseo_notices":[],"_links":{"self":[{"href":"https:\/\/homeemotion.lt\/lt\/wp-json\/wp\/v2\/product\/8821","targetHints":{"allow":["GET"]}}],"collection":[{"href":"https:\/\/homeemotion.lt\/lt\/wp-json\/wp\/v2\/product"}],"about":[{"href":"https:\/\/homeemotion.lt\/lt\/wp-json\/wp\/v2\/types\/product"}],"wp:featuredmedia":[{"embeddable":true,"href":"https:\/\/homeemotion.lt\/lt\/wp-json\/wp\/v2\/media\/16928"}],"wp:attachment":[{"href":"https:\/\/homeemotion.lt\/lt\/wp-json\/wp\/v2\/media?parent=8821"}],"wp:term":[{"taxonomy":"product_brand","embeddable":true,"href":"https:\/\/homeemotion.lt\/lt\/wp-json\/wp\/v2\/product_brand?post=8821"},{"taxonomy":"product_cat","embeddable":true,"href":"https:\/\/homeemotion.lt\/lt\/wp-json\/wp\/v2\/product_cat?post=8821"},{"taxonomy":"product_tag","embeddable":true,"href":"https:\/\/homeemotion.lt\/lt\/wp-json\/wp\/v2\/product_tag?post=8821"}],"curies":[{"name":"wp","href":"https:\/\/api.w.org\/{rel}","templated":true}]}}