{"id":8762,"date":"2020-10-16T15:03:04","date_gmt":"2020-10-16T12:03:04","guid":{"rendered":"https:\/\/homeemotion.lt\/?post_type=product&#038;p=8762"},"modified":"2026-04-17T17:36:32","modified_gmt":"2026-04-17T14:36:32","slug":"voilevagrill-domo","status":"publish","type":"product","link":"https:\/\/homeemotion.lt\/lt\/toode\/voilevagrill-domo\/","title":{"rendered":"Daugiasluoksn\u0117s grotel\u0117s Domo XLplok\u0161t\u0117s juodos\/metalo spalvos"},"content":{"rendered":"","protected":false},"excerpt":{"rendered":"<p>Ypa\u010d didel\u0117s kepimo skardos: 27 x 16 cm. 27 x 27 cm x 27 cm x 27 cm x 27 cm 2 XL sumu\u0161tiniams arba 1 XXL sumu\u0161tiniui. 2 kaitviet\u0117s. 2 x dvigubos arba XL bandel\u0117s, 2 x 2 bandel\u0117s ir 2 x 2 baget\u0117s. 2 arba 3 x duonai. . Juoda \/ ner\u016bdijanti 900 W galia.<\/p>\n<p>Galia 900 W<\/p>","protected":false},"featured_media":16962,"template":"","meta":{"om_disable_all_campaigns":false,"_uf_show_specific_survey":0,"_uf_disable_surveys":false},"product_brand":[933],"product_cat":[1006,1001,1029],"product_tag":[116],"class_list":{"0":"post-8762","1":"product","2":"type-product","3":"status-publish","4":"has-post-thumbnail","6":"product_brand-domo","7":"product_cat-koogitehnika-tehnika","8":"product_cat-tehnika","9":"product_cat-voileivagrillid","10":"product_tag-domo","12":"first","13":"instock","14":"taxable","15":"shipping-taxable","16":"purchasable","17":"product-type-simple"},"aioseo_notices":[],"_links":{"self":[{"href":"https:\/\/homeemotion.lt\/lt\/wp-json\/wp\/v2\/product\/8762","targetHints":{"allow":["GET"]}}],"collection":[{"href":"https:\/\/homeemotion.lt\/lt\/wp-json\/wp\/v2\/product"}],"about":[{"href":"https:\/\/homeemotion.lt\/lt\/wp-json\/wp\/v2\/types\/product"}],"wp:featuredmedia":[{"embeddable":true,"href":"https:\/\/homeemotion.lt\/lt\/wp-json\/wp\/v2\/media\/16962"}],"wp:attachment":[{"href":"https:\/\/homeemotion.lt\/lt\/wp-json\/wp\/v2\/media?parent=8762"}],"wp:term":[{"taxonomy":"product_brand","embeddable":true,"href":"https:\/\/homeemotion.lt\/lt\/wp-json\/wp\/v2\/product_brand?post=8762"},{"taxonomy":"product_cat","embeddable":true,"href":"https:\/\/homeemotion.lt\/lt\/wp-json\/wp\/v2\/product_cat?post=8762"},{"taxonomy":"product_tag","embeddable":true,"href":"https:\/\/homeemotion.lt\/lt\/wp-json\/wp\/v2\/product_tag?post=8762"}],"curies":[{"name":"wp","href":"https:\/\/api.w.org\/{rel}","templated":true}]}}