{"id":8707,"date":"2020-10-16T13:47:54","date_gmt":"2020-10-16T10:47:54","guid":{"rendered":"https:\/\/homeemotion.lt\/?post_type=product&#038;p=8707"},"modified":"2026-04-17T20:36:30","modified_gmt":"2026-04-17T17:36:30","slug":"pipra-ja-soolaveski-komplekt-colemason-2","status":"publish","type":"product","link":"https:\/\/homeemotion.lt\/lt\/toode\/pipra-ja-soolaveski-komplekt-colemason-2\/","title":{"rendered":"Pipir\u0173 ir druskos mal\u016bn\u0117li\u0173 rinkinys \"Cole&amp;Mason"},"content":{"rendered":"","protected":false},"excerpt":{"rendered":"<p>Stiilsed pipra- ja soolaveskid, mis on valmistatud vastupidavast akr\u00fc\u00fclist ja roostevabast terasest. Soolaveskil 3 ettem\u00e4\u00e4ratud jahvatuse taset. Pipraveskil 6 ettem\u00e4\u00e4ratud jahvatuse taset. Lihtsaks t\u00e4itmiseks avage \u00fclemine kork. Soolaveskil on keraamiline veski mehhanism. Pipraveskil on karastatud s\u00fcsinikterasest veski mehhanism. Veskid on kinkekarbis. M\u00f5\u00f5dud: k\u00f5rgus 190 mm, l\u00e4bim\u00f5\u00f5t 60 mm. V\u00e4rv: h\u00f5be<\/p>\n<p>V\u00e4rv: h\u00f5be<\/p>","protected":false},"featured_media":17051,"template":"","meta":{"om_disable_all_campaigns":false,"_uf_show_specific_survey":0,"_uf_disable_surveys":false},"product_brand":[1111],"product_cat":[955,956,972],"product_tag":[695],"class_list":{"0":"post-8707","1":"product","2":"type-product","3":"status-publish","4":"has-post-thumbnail","6":"product_brand-colemason","7":"product_cat-kodu","8":"product_cat-koogitarvikud","9":"product_cat-pipra-ja-soolaveskid","10":"product_tag-colemason","12":"first","13":"instock","14":"taxable","15":"shipping-taxable","16":"purchasable","17":"product-type-simple"},"aioseo_notices":[],"_links":{"self":[{"href":"https:\/\/homeemotion.lt\/lt\/wp-json\/wp\/v2\/product\/8707","targetHints":{"allow":["GET"]}}],"collection":[{"href":"https:\/\/homeemotion.lt\/lt\/wp-json\/wp\/v2\/product"}],"about":[{"href":"https:\/\/homeemotion.lt\/lt\/wp-json\/wp\/v2\/types\/product"}],"wp:featuredmedia":[{"embeddable":true,"href":"https:\/\/homeemotion.lt\/lt\/wp-json\/wp\/v2\/media\/17051"}],"wp:attachment":[{"href":"https:\/\/homeemotion.lt\/lt\/wp-json\/wp\/v2\/media?parent=8707"}],"wp:term":[{"taxonomy":"product_brand","embeddable":true,"href":"https:\/\/homeemotion.lt\/lt\/wp-json\/wp\/v2\/product_brand?post=8707"},{"taxonomy":"product_cat","embeddable":true,"href":"https:\/\/homeemotion.lt\/lt\/wp-json\/wp\/v2\/product_cat?post=8707"},{"taxonomy":"product_tag","embeddable":true,"href":"https:\/\/homeemotion.lt\/lt\/wp-json\/wp\/v2\/product_tag?post=8707"}],"curies":[{"name":"wp","href":"https:\/\/api.w.org\/{rel}","templated":true}]}}