{"id":8682,"date":"2020-10-05T11:31:19","date_gmt":"2020-10-05T08:31:19","guid":{"rendered":"https:\/\/homeemotion.lt\/?post_type=product&#038;p=8682"},"modified":"2026-04-17T17:36:34","modified_gmt":"2026-04-17T14:36:34","slug":"pipra-ja-soolaveski-2in1-colemason-elektriline","status":"publish","type":"product","link":"https:\/\/homeemotion.lt\/lt\/toode\/pipra-ja-soolaveski-2in1-colemason-elektriline\/","title":{"rendered":"Pipir\u0173 ir druskos mal\u016bn\u0117lis 2in1 \"Cole&amp;Mason\", elektrinis"},"content":{"rendered":"","protected":false},"excerpt":{"rendered":"<p>Kaks \u00fches veski on valmistatud harjatud kroomist. Ideaalne k\u00f6\u00f6ki v\u00f5i s\u00f6\u00f6gilauale. T\u00f6\u00f6tab \u00fche nupuvajutusega. Reguleeritav keraamiline jahvatuse mehhanism. Veski t\u00f6\u00f6tab 6 x AAA patareidega (ei kuulu komplekti). M\u00f5\u00f5dud: k\u00f5rgus 210 mm, l\u00e4bim\u00f5\u00f5t 75 mm<\/p>","protected":false},"featured_media":17055,"template":"","meta":{"om_disable_all_campaigns":false,"_uf_show_specific_survey":0,"_uf_disable_surveys":false},"product_brand":[1111],"product_cat":[955,956,972],"product_tag":[695],"class_list":{"0":"post-8682","1":"product","2":"type-product","3":"status-publish","4":"has-post-thumbnail","6":"product_brand-colemason","7":"product_cat-kodu","8":"product_cat-koogitarvikud","9":"product_cat-pipra-ja-soolaveskid","10":"product_tag-colemason","12":"first","13":"instock","14":"taxable","15":"shipping-taxable","16":"purchasable","17":"product-type-simple"},"aioseo_notices":[],"_links":{"self":[{"href":"https:\/\/homeemotion.lt\/lt\/wp-json\/wp\/v2\/product\/8682","targetHints":{"allow":["GET"]}}],"collection":[{"href":"https:\/\/homeemotion.lt\/lt\/wp-json\/wp\/v2\/product"}],"about":[{"href":"https:\/\/homeemotion.lt\/lt\/wp-json\/wp\/v2\/types\/product"}],"wp:featuredmedia":[{"embeddable":true,"href":"https:\/\/homeemotion.lt\/lt\/wp-json\/wp\/v2\/media\/17055"}],"wp:attachment":[{"href":"https:\/\/homeemotion.lt\/lt\/wp-json\/wp\/v2\/media?parent=8682"}],"wp:term":[{"taxonomy":"product_brand","embeddable":true,"href":"https:\/\/homeemotion.lt\/lt\/wp-json\/wp\/v2\/product_brand?post=8682"},{"taxonomy":"product_cat","embeddable":true,"href":"https:\/\/homeemotion.lt\/lt\/wp-json\/wp\/v2\/product_cat?post=8682"},{"taxonomy":"product_tag","embeddable":true,"href":"https:\/\/homeemotion.lt\/lt\/wp-json\/wp\/v2\/product_tag?post=8682"}],"curies":[{"name":"wp","href":"https:\/\/api.w.org\/{rel}","templated":true}]}}