{"id":8671,"date":"2020-10-05T11:23:24","date_gmt":"2020-10-05T08:23:24","guid":{"rendered":"https:\/\/homeemotion.lt\/?post_type=product&#038;p=8671"},"modified":"2026-04-17T15:37:10","modified_gmt":"2026-04-17T12:37:10","slug":"pipra-ja-soolaveski-komplekt-colemason","status":"publish","type":"product","link":"https:\/\/homeemotion.lt\/lt\/toode\/pipra-ja-soolaveski-komplekt-colemason\/","title":{"rendered":"Pipir\u0173 ir druskos mal\u016bn\u0117li\u0173 rinkinys \"Cole&amp;Mason\", elektrinis"},"content":{"rendered":"","protected":false},"excerpt":{"rendered":"<p>Mal\u016bn\u0117liai pagaminti i\u0161 auk\u0161tos kokyb\u0117s akrilo ir \u0161lifuoto chromo. Puikiai tinka virtuvei ar valgomojo stalui. Veikia vienu mygtuko paspaudimu. Reguliuojamas malimo mechanizmas. Nor\u0117dami u\u017epildyti mal\u016bn\u0117lius, pasukite akrilo centr\u0105 ir \u0161lifuoto chromo vir\u0161\u0173 taip, kad gaudykl\u0117s simbolis susilygint\u0173 su atidarymo simboliu. Mal\u016bn\u0117lis veikia su 6 x AAA tipo baterijomis (\u012f komplekt\u0105 ne\u012feina). Matmenys: auk\u0161tis 215 mm, skersmuo 50 mm.<\/p>","protected":false},"featured_media":17054,"template":"","meta":{"om_disable_all_campaigns":false,"_uf_show_specific_survey":0,"_uf_disable_surveys":false},"product_brand":[1111],"product_cat":[955,956,972],"product_tag":[695],"class_list":{"0":"post-8671","1":"product","2":"type-product","3":"status-publish","4":"has-post-thumbnail","6":"product_brand-colemason","7":"product_cat-kodu","8":"product_cat-koogitarvikud","9":"product_cat-pipra-ja-soolaveskid","10":"product_tag-colemason","12":"first","13":"instock","14":"taxable","15":"shipping-taxable","16":"purchasable","17":"product-type-simple"},"aioseo_notices":[],"_links":{"self":[{"href":"https:\/\/homeemotion.lt\/lt\/wp-json\/wp\/v2\/product\/8671","targetHints":{"allow":["GET"]}}],"collection":[{"href":"https:\/\/homeemotion.lt\/lt\/wp-json\/wp\/v2\/product"}],"about":[{"href":"https:\/\/homeemotion.lt\/lt\/wp-json\/wp\/v2\/types\/product"}],"wp:featuredmedia":[{"embeddable":true,"href":"https:\/\/homeemotion.lt\/lt\/wp-json\/wp\/v2\/media\/17054"}],"wp:attachment":[{"href":"https:\/\/homeemotion.lt\/lt\/wp-json\/wp\/v2\/media?parent=8671"}],"wp:term":[{"taxonomy":"product_brand","embeddable":true,"href":"https:\/\/homeemotion.lt\/lt\/wp-json\/wp\/v2\/product_brand?post=8671"},{"taxonomy":"product_cat","embeddable":true,"href":"https:\/\/homeemotion.lt\/lt\/wp-json\/wp\/v2\/product_cat?post=8671"},{"taxonomy":"product_tag","embeddable":true,"href":"https:\/\/homeemotion.lt\/lt\/wp-json\/wp\/v2\/product_tag?post=8671"}],"curies":[{"name":"wp","href":"https:\/\/api.w.org\/{rel}","templated":true}]}}