{"id":8587,"date":"2020-10-04T13:07:12","date_gmt":"2020-10-04T10:07:12","guid":{"rendered":"https:\/\/homeemotion.lt\/?post_type=product&#038;p=8587"},"modified":"2026-04-21T15:37:27","modified_gmt":"2026-04-21T12:37:27","slug":"oliprits-colemason","status":"publish","type":"product","link":"https:\/\/homeemotion.lt\/lt\/toode\/oliprits-colemason\/","title":{"rendered":"Aliejiniai pur\u0161kikliai \"Cole&amp;Mason"},"content":{"rendered":"","protected":false},"excerpt":{"rendered":"<p>Roostevabast terasest kork ja BPA-vaba plastikust pudel. \u00d5li pihustamiseks lihtsalt pumbake ja pihustage. Kasutatav mitmesuguste \u00f5lidega. M\u00f5\u00f5tmed: k\u00f5rgus 156 mm ja l\u00e4bim\u00f5\u00f5t 65 mm<\/p>","protected":false},"featured_media":17047,"template":"","meta":{"om_disable_all_campaigns":false,"_uf_show_specific_survey":0,"_uf_disable_surveys":false},"product_brand":[1111],"product_cat":[955,956],"product_tag":[695],"class_list":{"0":"post-8587","1":"product","2":"type-product","3":"status-publish","4":"has-post-thumbnail","6":"product_brand-colemason","7":"product_cat-kodu","8":"product_cat-koogitarvikud","9":"product_tag-colemason","11":"first","12":"instock","13":"taxable","14":"shipping-taxable","15":"purchasable","16":"product-type-simple"},"aioseo_notices":[],"_links":{"self":[{"href":"https:\/\/homeemotion.lt\/lt\/wp-json\/wp\/v2\/product\/8587","targetHints":{"allow":["GET"]}}],"collection":[{"href":"https:\/\/homeemotion.lt\/lt\/wp-json\/wp\/v2\/product"}],"about":[{"href":"https:\/\/homeemotion.lt\/lt\/wp-json\/wp\/v2\/types\/product"}],"wp:featuredmedia":[{"embeddable":true,"href":"https:\/\/homeemotion.lt\/lt\/wp-json\/wp\/v2\/media\/17047"}],"wp:attachment":[{"href":"https:\/\/homeemotion.lt\/lt\/wp-json\/wp\/v2\/media?parent=8587"}],"wp:term":[{"taxonomy":"product_brand","embeddable":true,"href":"https:\/\/homeemotion.lt\/lt\/wp-json\/wp\/v2\/product_brand?post=8587"},{"taxonomy":"product_cat","embeddable":true,"href":"https:\/\/homeemotion.lt\/lt\/wp-json\/wp\/v2\/product_cat?post=8587"},{"taxonomy":"product_tag","embeddable":true,"href":"https:\/\/homeemotion.lt\/lt\/wp-json\/wp\/v2\/product_tag?post=8587"}],"curies":[{"name":"wp","href":"https:\/\/api.w.org\/{rel}","templated":true}]}}