{"id":8575,"date":"2020-10-04T12:21:59","date_gmt":"2020-10-04T09:21:59","guid":{"rendered":"https:\/\/homeemotion.lt\/?post_type=product&#038;p=8575"},"modified":"2026-04-21T14:13:25","modified_gmt":"2026-04-21T11:13:25","slug":"uhmer-18cm-colemason","status":"publish","type":"product","link":"https:\/\/homeemotion.lt\/lt\/toode\/uhmer-18cm-colemason\/","title":{"rendered":"Erelis 18cm Cole&amp;Mason"},"content":{"rendered":"","protected":false},"excerpt":{"rendered":"<p>Materjal: graniit. Lihtsalt puhastatav sile v\u00e4lispind &#8211; ei ole n\u00f5udepesumasinas pestav. M\u00f5\u00f5dud: k\u00f5rgus 130 mm, l\u00e4bim\u00f5\u00f5t 180 mm<\/p>","protected":false},"featured_media":17045,"template":"","meta":{"om_disable_all_campaigns":false,"_uf_show_specific_survey":0,"_uf_disable_surveys":false},"product_brand":[1111],"product_cat":[955,956,1048],"product_tag":[695],"class_list":{"0":"post-8575","1":"product","2":"type-product","3":"status-publish","4":"has-post-thumbnail","6":"product_brand-colemason","7":"product_cat-kodu","8":"product_cat-koogitarvikud","9":"product_cat-uhmrid","10":"product_tag-colemason","12":"first","13":"instock","14":"taxable","15":"shipping-taxable","16":"purchasable","17":"product-type-simple"},"aioseo_notices":[],"_links":{"self":[{"href":"https:\/\/homeemotion.lt\/lt\/wp-json\/wp\/v2\/product\/8575","targetHints":{"allow":["GET"]}}],"collection":[{"href":"https:\/\/homeemotion.lt\/lt\/wp-json\/wp\/v2\/product"}],"about":[{"href":"https:\/\/homeemotion.lt\/lt\/wp-json\/wp\/v2\/types\/product"}],"wp:featuredmedia":[{"embeddable":true,"href":"https:\/\/homeemotion.lt\/lt\/wp-json\/wp\/v2\/media\/17045"}],"wp:attachment":[{"href":"https:\/\/homeemotion.lt\/lt\/wp-json\/wp\/v2\/media?parent=8575"}],"wp:term":[{"taxonomy":"product_brand","embeddable":true,"href":"https:\/\/homeemotion.lt\/lt\/wp-json\/wp\/v2\/product_brand?post=8575"},{"taxonomy":"product_cat","embeddable":true,"href":"https:\/\/homeemotion.lt\/lt\/wp-json\/wp\/v2\/product_cat?post=8575"},{"taxonomy":"product_tag","embeddable":true,"href":"https:\/\/homeemotion.lt\/lt\/wp-json\/wp\/v2\/product_tag?post=8575"}],"curies":[{"name":"wp","href":"https:\/\/api.w.org\/{rel}","templated":true}]}}