{"id":8444,"date":"2020-10-02T16:24:46","date_gmt":"2020-10-02T13:24:46","guid":{"rendered":"https:\/\/homeemotion.lt\/?post_type=product&#038;p=8444"},"modified":"2026-04-17T19:11:27","modified_gmt":"2026-04-17T16:11:27","slug":"kokanuga-zyliss-comfort-185cm","status":"publish","type":"product","link":"https:\/\/homeemotion.lt\/lt\/toode\/kokanuga-zyliss-comfort-185cm\/","title":{"rendered":"Kokanuga Zyliss Comfort 18,5cm"},"content":{"rendered":"","protected":false},"excerpt":{"rendered":"<p>Tera pikkus: 18,5cm. Vastupidav tera k\u00f5rgekvaliteedilisest Jaapani roostevabast terasest. Kontuuriga k\u00e4epide on loodud maksimaalse mugavuse tagamiseks ning sobib igale kasutajale. Libisemiskindel k\u00e4epide v\u00f5imaldab kasutada ka m\u00e4rgade k\u00e4tega. Komplektis ka terakate. N\u00f5udepesumasinas pestav<\/p>","protected":false},"featured_media":16999,"template":"","meta":{"om_disable_all_campaigns":false,"_uf_show_specific_survey":0,"_uf_disable_surveys":false},"product_brand":[1104],"product_cat":[955,956,959],"product_tag":[677],"class_list":{"0":"post-8444","1":"product","2":"type-product","3":"status-publish","4":"has-post-thumbnail","6":"product_brand-zyliss","7":"product_cat-kodu","8":"product_cat-koogitarvikud","9":"product_cat-koorijad-riivid-ja-loikurid","10":"product_tag-zyliss","12":"first","13":"instock","14":"taxable","15":"shipping-taxable","16":"purchasable","17":"product-type-simple"},"aioseo_notices":[],"_links":{"self":[{"href":"https:\/\/homeemotion.lt\/lt\/wp-json\/wp\/v2\/product\/8444","targetHints":{"allow":["GET"]}}],"collection":[{"href":"https:\/\/homeemotion.lt\/lt\/wp-json\/wp\/v2\/product"}],"about":[{"href":"https:\/\/homeemotion.lt\/lt\/wp-json\/wp\/v2\/types\/product"}],"wp:featuredmedia":[{"embeddable":true,"href":"https:\/\/homeemotion.lt\/lt\/wp-json\/wp\/v2\/media\/16999"}],"wp:attachment":[{"href":"https:\/\/homeemotion.lt\/lt\/wp-json\/wp\/v2\/media?parent=8444"}],"wp:term":[{"taxonomy":"product_brand","embeddable":true,"href":"https:\/\/homeemotion.lt\/lt\/wp-json\/wp\/v2\/product_brand?post=8444"},{"taxonomy":"product_cat","embeddable":true,"href":"https:\/\/homeemotion.lt\/lt\/wp-json\/wp\/v2\/product_cat?post=8444"},{"taxonomy":"product_tag","embeddable":true,"href":"https:\/\/homeemotion.lt\/lt\/wp-json\/wp\/v2\/product_tag?post=8444"}],"curies":[{"name":"wp","href":"https:\/\/api.w.org\/{rel}","templated":true}]}}