{"id":8389,"date":"2020-10-02T14:32:03","date_gmt":"2020-10-02T11:32:03","guid":{"rendered":"https:\/\/homeemotion.lt\/?post_type=product&#038;p=8389"},"modified":"2026-04-17T17:36:32","modified_gmt":"2026-04-17T14:36:32","slug":"multifunktsionaalne-viilutaja-zyliss","status":"publish","type":"product","link":"https:\/\/homeemotion.lt\/lt\/toode\/multifunktsionaalne-viilutaja-zyliss\/","title":{"rendered":"Daugiafunkcin\u0117 pjaustykl\u0117 \"Zyliss"},"content":{"rendered":"<p><strong>*Julienne-ribad ehk peened pikkad kangid.<\/strong><\/p>","protected":false},"excerpt":{"rendered":"<p>Kvaliteetne sakiline roostevabast terasest tera teeb kiiresti ja lihtsalt t\u00e4iesti \u00fchtlased viilud ja julienne-ribad*. Liuguri peal olev nupp v\u00f5imaldab viilutamise paksuse h\u00f5lpsat reguleerimist. L\u00fclitage nupuvajutusega \u00fcle julienne* terale. Lai viilutuspind mahutab suuremaid tooteid. Ergonoomiline k\u00e4epide ja libisemiskindlad jalad h\u00f5lbustavad kasutamist. N\u00f5udepesumasinas pestav<\/p>","protected":false},"featured_media":16994,"template":"","meta":{"om_disable_all_campaigns":false,"_uf_show_specific_survey":0,"_uf_disable_surveys":false},"product_brand":[1104],"product_cat":[955,956,959],"product_tag":[677],"class_list":{"0":"post-8389","1":"product","2":"type-product","3":"status-publish","4":"has-post-thumbnail","6":"product_brand-zyliss","7":"product_cat-kodu","8":"product_cat-koogitarvikud","9":"product_cat-koorijad-riivid-ja-loikurid","10":"product_tag-zyliss","12":"first","13":"instock","14":"taxable","15":"shipping-taxable","16":"purchasable","17":"product-type-simple"},"aioseo_notices":[],"_links":{"self":[{"href":"https:\/\/homeemotion.lt\/lt\/wp-json\/wp\/v2\/product\/8389","targetHints":{"allow":["GET"]}}],"collection":[{"href":"https:\/\/homeemotion.lt\/lt\/wp-json\/wp\/v2\/product"}],"about":[{"href":"https:\/\/homeemotion.lt\/lt\/wp-json\/wp\/v2\/types\/product"}],"wp:featuredmedia":[{"embeddable":true,"href":"https:\/\/homeemotion.lt\/lt\/wp-json\/wp\/v2\/media\/16994"}],"wp:attachment":[{"href":"https:\/\/homeemotion.lt\/lt\/wp-json\/wp\/v2\/media?parent=8389"}],"wp:term":[{"taxonomy":"product_brand","embeddable":true,"href":"https:\/\/homeemotion.lt\/lt\/wp-json\/wp\/v2\/product_brand?post=8389"},{"taxonomy":"product_cat","embeddable":true,"href":"https:\/\/homeemotion.lt\/lt\/wp-json\/wp\/v2\/product_cat?post=8389"},{"taxonomy":"product_tag","embeddable":true,"href":"https:\/\/homeemotion.lt\/lt\/wp-json\/wp\/v2\/product_tag?post=8389"}],"curies":[{"name":"wp","href":"https:\/\/api.w.org\/{rel}","templated":true}]}}