{"id":8325,"date":"2020-10-01T14:42:26","date_gmt":"2020-10-01T11:42:26","guid":{"rendered":"https:\/\/homeemotion.lt\/?post_type=product&#038;p=8325"},"modified":"2026-04-17T17:36:29","modified_gmt":"2026-04-17T14:36:29","slug":"juuksekoolutaja-babyliss-650w-poorleva-harjaga-2","status":"publish","type":"product","link":"https:\/\/homeemotion.lt\/lt\/toode\/juuksekoolutaja-babyliss-650w-poorleva-harjaga-2\/","title":{"rendered":"\"Babyliss\" plauk\u0173 suktuvas 650 W, 2 besisukantys \u0161epe\u010diai"},"content":{"rendered":"","protected":false},"excerpt":{"rendered":"<p>Ionisaator (staatilise elektri v\u00e4hendamine). 2 p\u00f6\u00f6rlevat harja: 50mm ja 40mm. 2 kiiruse ja temperatuuri seadistust. Kahesuunaline p\u00f6\u00f6rlev hari. 2,5m p\u00f6\u00f6rlev juhe<\/p>\n<p>V\u00f5imsus: 650W<\/p>","protected":false},"featured_media":16835,"template":"","meta":{"om_disable_all_campaigns":false,"_uf_show_specific_survey":0,"_uf_disable_surveys":false},"product_brand":[1087],"product_cat":[985,986,1005],"product_tag":[19],"class_list":{"0":"post-8325","1":"product","2":"type-product","3":"status-publish","4":"has-post-thumbnail","6":"product_brand-babyliss","7":"product_cat-ilu","8":"product_cat-ilutooted","9":"product_cat-koolutajad","10":"product_tag-babyliss","12":"first","13":"instock","14":"taxable","15":"shipping-taxable","16":"purchasable","17":"product-type-simple"},"aioseo_notices":[],"_links":{"self":[{"href":"https:\/\/homeemotion.lt\/lt\/wp-json\/wp\/v2\/product\/8325","targetHints":{"allow":["GET"]}}],"collection":[{"href":"https:\/\/homeemotion.lt\/lt\/wp-json\/wp\/v2\/product"}],"about":[{"href":"https:\/\/homeemotion.lt\/lt\/wp-json\/wp\/v2\/types\/product"}],"wp:featuredmedia":[{"embeddable":true,"href":"https:\/\/homeemotion.lt\/lt\/wp-json\/wp\/v2\/media\/16835"}],"wp:attachment":[{"href":"https:\/\/homeemotion.lt\/lt\/wp-json\/wp\/v2\/media?parent=8325"}],"wp:term":[{"taxonomy":"product_brand","embeddable":true,"href":"https:\/\/homeemotion.lt\/lt\/wp-json\/wp\/v2\/product_brand?post=8325"},{"taxonomy":"product_cat","embeddable":true,"href":"https:\/\/homeemotion.lt\/lt\/wp-json\/wp\/v2\/product_cat?post=8325"},{"taxonomy":"product_tag","embeddable":true,"href":"https:\/\/homeemotion.lt\/lt\/wp-json\/wp\/v2\/product_tag?post=8325"}],"curies":[{"name":"wp","href":"https:\/\/api.w.org\/{rel}","templated":true}]}}