{"id":8274,"date":"2020-09-29T16:26:12","date_gmt":"2020-09-29T13:26:12","guid":{"rendered":"https:\/\/homeemotion.lt\/?post_type=product&#038;p=8274"},"modified":"2026-04-21T14:13:18","modified_gmt":"2026-04-21T11:13:18","slug":"termomeeter-ilmajaam-camry","status":"publish","type":"product","link":"https:\/\/homeemotion.lt\/lt\/toode\/termomeeter-ilmajaam-camry\/","title":{"rendered":"Termometras\/Oravasonniajaam Camry"},"content":{"rendered":"","protected":false},"excerpt":{"rendered":"<p>Digitaalne ekraan. V\u00e4lis- ja sisetemperatuuri n\u00e4it. Siseruumide niiskuse n\u00e4it. Ilmateade. Kellaaja ja kuup\u00e4eva kuvamine. 12\/24 tunni valik. Celsiuse ja Fahrenheiti temperatuuri n\u00e4idik. Saatja toiteallikaks on 2 x AAA patareid. Seadme toiteallikaks on 3 x AAA patareid ja 220-240 V, 50\/60 Hz v\u00f5rgutoit<\/p>","protected":false},"featured_media":16883,"template":"","meta":{"om_disable_all_campaigns":false,"_uf_show_specific_survey":0,"_uf_disable_surveys":false},"product_brand":[1103],"product_cat":[1002,1001,1003],"product_tag":[638],"class_list":{"0":"post-8274","1":"product","2":"type-product","3":"status-publish","4":"has-post-thumbnail","6":"product_brand-camry","7":"product_cat-kodutehnika","8":"product_cat-tehnika","9":"product_cat-termomeeter-ilmajaam","10":"product_tag-camry","12":"first","13":"instock","14":"taxable","15":"shipping-taxable","16":"purchasable","17":"product-type-simple"},"aioseo_notices":[],"_links":{"self":[{"href":"https:\/\/homeemotion.lt\/lt\/wp-json\/wp\/v2\/product\/8274","targetHints":{"allow":["GET"]}}],"collection":[{"href":"https:\/\/homeemotion.lt\/lt\/wp-json\/wp\/v2\/product"}],"about":[{"href":"https:\/\/homeemotion.lt\/lt\/wp-json\/wp\/v2\/types\/product"}],"wp:featuredmedia":[{"embeddable":true,"href":"https:\/\/homeemotion.lt\/lt\/wp-json\/wp\/v2\/media\/16883"}],"wp:attachment":[{"href":"https:\/\/homeemotion.lt\/lt\/wp-json\/wp\/v2\/media?parent=8274"}],"wp:term":[{"taxonomy":"product_brand","embeddable":true,"href":"https:\/\/homeemotion.lt\/lt\/wp-json\/wp\/v2\/product_brand?post=8274"},{"taxonomy":"product_cat","embeddable":true,"href":"https:\/\/homeemotion.lt\/lt\/wp-json\/wp\/v2\/product_cat?post=8274"},{"taxonomy":"product_tag","embeddable":true,"href":"https:\/\/homeemotion.lt\/lt\/wp-json\/wp\/v2\/product_tag?post=8274"}],"curies":[{"name":"wp","href":"https:\/\/api.w.org\/{rel}","templated":true}]}}