{"id":8258,"date":"2020-09-29T15:57:02","date_gmt":"2020-09-29T12:57:02","guid":{"rendered":"https:\/\/homeemotion.lt\/?post_type=product&#038;p=8258"},"modified":"2026-04-21T14:13:18","modified_gmt":"2026-04-21T11:13:18","slug":"raadio-camry-3","status":"publish","type":"product","link":"https:\/\/homeemotion.lt\/lt\/toode\/raadio-camry-3\/","title":{"rendered":"Radijo Camry LCD ekranas"},"content":{"rendered":"","protected":false},"excerpt":{"rendered":"<p>Digitaalne FM raadio. Suur LCD-ekraan. P\u00f6\u00f6ratav teleskoopantenn. Kalender. Termomeeter. \u00c4ratuskell. Kell 24- v\u00f5i 12-tunnises vormingus. Toide: 230V. 2 x LR06 (AA) patareid. M\u00f5\u00f5dud: 19 x 12 x 6 cm<\/p>","protected":false},"featured_media":16882,"template":"","meta":{"om_disable_all_campaigns":false,"_uf_show_specific_survey":0,"_uf_disable_surveys":false},"product_brand":[1103],"product_cat":[1002,1004,1001],"product_tag":[638],"class_list":{"0":"post-8258","1":"product","2":"type-product","3":"status-publish","4":"has-post-thumbnail","6":"product_brand-camry","7":"product_cat-kodutehnika","8":"product_cat-raadiod","9":"product_cat-tehnika","10":"product_tag-camry","12":"first","13":"instock","14":"taxable","15":"shipping-taxable","16":"purchasable","17":"product-type-simple"},"aioseo_notices":[],"_links":{"self":[{"href":"https:\/\/homeemotion.lt\/lt\/wp-json\/wp\/v2\/product\/8258","targetHints":{"allow":["GET"]}}],"collection":[{"href":"https:\/\/homeemotion.lt\/lt\/wp-json\/wp\/v2\/product"}],"about":[{"href":"https:\/\/homeemotion.lt\/lt\/wp-json\/wp\/v2\/types\/product"}],"wp:featuredmedia":[{"embeddable":true,"href":"https:\/\/homeemotion.lt\/lt\/wp-json\/wp\/v2\/media\/16882"}],"wp:attachment":[{"href":"https:\/\/homeemotion.lt\/lt\/wp-json\/wp\/v2\/media?parent=8258"}],"wp:term":[{"taxonomy":"product_brand","embeddable":true,"href":"https:\/\/homeemotion.lt\/lt\/wp-json\/wp\/v2\/product_brand?post=8258"},{"taxonomy":"product_cat","embeddable":true,"href":"https:\/\/homeemotion.lt\/lt\/wp-json\/wp\/v2\/product_cat?post=8258"},{"taxonomy":"product_tag","embeddable":true,"href":"https:\/\/homeemotion.lt\/lt\/wp-json\/wp\/v2\/product_tag?post=8258"}],"curies":[{"name":"wp","href":"https:\/\/api.w.org\/{rel}","templated":true}]}}