{"id":8252,"date":"2020-09-29T15:50:37","date_gmt":"2020-09-29T12:50:37","guid":{"rendered":"https:\/\/homeemotion.lt\/?post_type=product&#038;p=8252"},"modified":"2026-04-19T12:37:16","modified_gmt":"2026-04-19T09:37:16","slug":"raadio-camry-2","status":"publish","type":"product","link":"https:\/\/homeemotion.lt\/lt\/toode\/raadio-camry-2\/","title":{"rendered":"Radijo Camry raudona"},"content":{"rendered":"","protected":false},"excerpt":{"rendered":"<p>Analoog FM\/AM raadio. K\u00f5rvaklapiv\u00e4ljund (3.5mm). Keeratavad juhtnupud. P\u00f6\u00f6rlev teleskoopantenn. Toide: 230V. 4 x LR06 (AA) patareid. M\u00f5\u00f5dud: 21 x 11,4 x 8,5 cm. V\u00e4rv: punane<\/p>\n<p>V\u00e4rv: punane<\/p>","protected":false},"featured_media":16881,"template":"","meta":{"om_disable_all_campaigns":false,"_uf_show_specific_survey":0,"_uf_disable_surveys":false},"product_brand":[1103],"product_cat":[1002,1004,1001],"product_tag":[638],"class_list":{"0":"post-8252","1":"product","2":"type-product","3":"status-publish","4":"has-post-thumbnail","6":"product_brand-camry","7":"product_cat-kodutehnika","8":"product_cat-raadiod","9":"product_cat-tehnika","10":"product_tag-camry","12":"first","13":"instock","14":"taxable","15":"shipping-taxable","16":"purchasable","17":"product-type-simple"},"aioseo_notices":[],"_links":{"self":[{"href":"https:\/\/homeemotion.lt\/lt\/wp-json\/wp\/v2\/product\/8252","targetHints":{"allow":["GET"]}}],"collection":[{"href":"https:\/\/homeemotion.lt\/lt\/wp-json\/wp\/v2\/product"}],"about":[{"href":"https:\/\/homeemotion.lt\/lt\/wp-json\/wp\/v2\/types\/product"}],"wp:featuredmedia":[{"embeddable":true,"href":"https:\/\/homeemotion.lt\/lt\/wp-json\/wp\/v2\/media\/16881"}],"wp:attachment":[{"href":"https:\/\/homeemotion.lt\/lt\/wp-json\/wp\/v2\/media?parent=8252"}],"wp:term":[{"taxonomy":"product_brand","embeddable":true,"href":"https:\/\/homeemotion.lt\/lt\/wp-json\/wp\/v2\/product_brand?post=8252"},{"taxonomy":"product_cat","embeddable":true,"href":"https:\/\/homeemotion.lt\/lt\/wp-json\/wp\/v2\/product_cat?post=8252"},{"taxonomy":"product_tag","embeddable":true,"href":"https:\/\/homeemotion.lt\/lt\/wp-json\/wp\/v2\/product_tag?post=8252"}],"curies":[{"name":"wp","href":"https:\/\/api.w.org\/{rel}","templated":true}]}}