{"id":8247,"date":"2020-09-29T15:38:50","date_gmt":"2020-09-29T12:38:50","guid":{"rendered":"https:\/\/homeemotion.lt\/?post_type=product&#038;p=8247"},"modified":"2026-04-21T14:13:18","modified_gmt":"2026-04-21T11:13:18","slug":"raadio-camry","status":"publish","type":"product","link":"https:\/\/homeemotion.lt\/lt\/toode\/raadio-camry\/","title":{"rendered":"Radijas Toyota Camry juodas"},"content":{"rendered":"","protected":false},"excerpt":{"rendered":"<p>Analoginis FM\/AM radijas. Ausini\u0173 i\u0161vestis (3,5 mm). Pasukami valdymo mygtukai. Besisukanti teleskopin\u0117 antena. Maitinimas: 230V. 4 x LR06 (AA) baterijos. Matmenys: 21 x 11,4 x 8,5 cm. Spalva: juoda. Spalva: juoda<\/p>\n<p>Spalva: juoda<\/p>","protected":false},"featured_media":16880,"template":"","meta":{"om_disable_all_campaigns":false,"_uf_show_specific_survey":0,"_uf_disable_surveys":false},"product_brand":[1103],"product_cat":[1002,1004,1001],"product_tag":[638],"class_list":{"0":"post-8247","1":"product","2":"type-product","3":"status-publish","4":"has-post-thumbnail","6":"product_brand-camry","7":"product_cat-kodutehnika","8":"product_cat-raadiod","9":"product_cat-tehnika","10":"product_tag-camry","12":"first","13":"instock","14":"taxable","15":"shipping-taxable","16":"purchasable","17":"product-type-simple"},"aioseo_notices":[],"_links":{"self":[{"href":"https:\/\/homeemotion.lt\/lt\/wp-json\/wp\/v2\/product\/8247","targetHints":{"allow":["GET"]}}],"collection":[{"href":"https:\/\/homeemotion.lt\/lt\/wp-json\/wp\/v2\/product"}],"about":[{"href":"https:\/\/homeemotion.lt\/lt\/wp-json\/wp\/v2\/types\/product"}],"wp:featuredmedia":[{"embeddable":true,"href":"https:\/\/homeemotion.lt\/lt\/wp-json\/wp\/v2\/media\/16880"}],"wp:attachment":[{"href":"https:\/\/homeemotion.lt\/lt\/wp-json\/wp\/v2\/media?parent=8247"}],"wp:term":[{"taxonomy":"product_brand","embeddable":true,"href":"https:\/\/homeemotion.lt\/lt\/wp-json\/wp\/v2\/product_brand?post=8247"},{"taxonomy":"product_cat","embeddable":true,"href":"https:\/\/homeemotion.lt\/lt\/wp-json\/wp\/v2\/product_cat?post=8247"},{"taxonomy":"product_tag","embeddable":true,"href":"https:\/\/homeemotion.lt\/lt\/wp-json\/wp\/v2\/product_tag?post=8247"}],"curies":[{"name":"wp","href":"https:\/\/api.w.org\/{rel}","templated":true}]}}