{"id":8233,"date":"2020-09-29T15:16:49","date_gmt":"2020-09-29T12:16:49","guid":{"rendered":"https:\/\/homeemotion.lt\/?post_type=product&#038;p=8233"},"modified":"2026-04-17T17:14:27","modified_gmt":"2026-04-17T14:14:27","slug":"kellraadio-adler","status":"publish","type":"product","link":"https:\/\/homeemotion.lt\/lt\/toode\/kellraadio-adler\/","title":{"rendered":"Radijo laikrodis \"Erelis"},"content":{"rendered":"","protected":false},"excerpt":{"rendered":"<p>Didelis, lengvai \u012fskaitomas LED ekranas. Skai\u010di\u0173 auk\u0161tis 48 mm. AM\/FM radijas. Antena. \u012emontuotas garsiakalbis. Garsumo valdymas. \u017dadintuvas. Pabudimo atid\u0117jimo funkcija. Automatinis i\u0161jungimo laikmatis. Pabudimo skambutis arba muzika. Maitinimo \u0161altinis 230 V ~ 50 Hz. Atsarginis akumuliatorius u\u017etikrina pa\u017eadinim\u0105 net ir nutr\u016bkus elektros energijos tiekimui.<\/p>","protected":false},"featured_media":16824,"template":"","meta":{"om_disable_all_campaigns":false,"_uf_show_specific_survey":0,"_uf_disable_surveys":false},"product_brand":[1095],"product_cat":[1002,1001],"product_tag":[610],"class_list":{"0":"post-8233","1":"product","2":"type-product","3":"status-publish","4":"has-post-thumbnail","6":"product_brand-adler","7":"product_cat-kodutehnika","8":"product_cat-tehnika","9":"product_tag-adler","11":"first","12":"instock","13":"taxable","14":"shipping-taxable","15":"purchasable","16":"product-type-simple"},"aioseo_notices":[],"_links":{"self":[{"href":"https:\/\/homeemotion.lt\/lt\/wp-json\/wp\/v2\/product\/8233","targetHints":{"allow":["GET"]}}],"collection":[{"href":"https:\/\/homeemotion.lt\/lt\/wp-json\/wp\/v2\/product"}],"about":[{"href":"https:\/\/homeemotion.lt\/lt\/wp-json\/wp\/v2\/types\/product"}],"wp:featuredmedia":[{"embeddable":true,"href":"https:\/\/homeemotion.lt\/lt\/wp-json\/wp\/v2\/media\/16824"}],"wp:attachment":[{"href":"https:\/\/homeemotion.lt\/lt\/wp-json\/wp\/v2\/media?parent=8233"}],"wp:term":[{"taxonomy":"product_brand","embeddable":true,"href":"https:\/\/homeemotion.lt\/lt\/wp-json\/wp\/v2\/product_brand?post=8233"},{"taxonomy":"product_cat","embeddable":true,"href":"https:\/\/homeemotion.lt\/lt\/wp-json\/wp\/v2\/product_cat?post=8233"},{"taxonomy":"product_tag","embeddable":true,"href":"https:\/\/homeemotion.lt\/lt\/wp-json\/wp\/v2\/product_tag?post=8233"}],"curies":[{"name":"wp","href":"https:\/\/api.w.org\/{rel}","templated":true}]}}