{"id":8198,"date":"2020-09-29T09:23:43","date_gmt":"2020-09-29T06:23:43","guid":{"rendered":"https:\/\/homeemotion.lt\/?post_type=product&#038;p=8198"},"modified":"2026-04-17T20:36:26","modified_gmt":"2026-04-17T17:36:26","slug":"kuumaohufrituur-domo-4l","status":"publish","type":"product","link":"https:\/\/homeemotion.lt\/lt\/toode\/kuumaohufrituur-domo-4l\/","title":{"rendered":"Kar\u0161to oro keptuv\u0117 Domo XL 4l, metalin\u0117"},"content":{"rendered":"","protected":false},"excerpt":{"rendered":"<p>Kuuma\u00f5huga frit\u00fc\u00fcr: kuni 80% v\u00e4hem rasva kui tavaline praadimine. Kiire \u00f5huringlus kiireks ja madala energiaga praadimiseks. Saab valmistada friikartulit, krokettit, suupisteid, kana, liha, quiche, kooki, jne. Mahutavus: 4 L &#8211; 1,2 kg. Reguleeritav temperatuur vahemikus 80 \u00b0 C kuni 200 \u00b0 C. Taimer kuni 60 minutit. 8 automaatprogrammi. Mittenakkuva kattega grillpann. LCD-ekraan. Korpus roostevabast terasest. \u00dclekuumenemiskaitse<\/p>","protected":false},"featured_media":16927,"template":"","meta":{"om_disable_all_campaigns":false,"_uf_show_specific_survey":0,"_uf_disable_surveys":false},"product_brand":[933],"product_cat":[1019,955,973],"product_tag":[116],"class_list":{"0":"post-8198","1":"product","2":"type-product","3":"status-publish","4":"has-post-thumbnail","6":"product_brand-domo","7":"product_cat-frituurid","8":"product_cat-kodu","9":"product_cat-koogitehnika","10":"product_tag-domo","12":"first","13":"instock","14":"taxable","15":"shipping-taxable","16":"purchasable","17":"product-type-simple"},"aioseo_notices":[],"_links":{"self":[{"href":"https:\/\/homeemotion.lt\/lt\/wp-json\/wp\/v2\/product\/8198","targetHints":{"allow":["GET"]}}],"collection":[{"href":"https:\/\/homeemotion.lt\/lt\/wp-json\/wp\/v2\/product"}],"about":[{"href":"https:\/\/homeemotion.lt\/lt\/wp-json\/wp\/v2\/types\/product"}],"wp:featuredmedia":[{"embeddable":true,"href":"https:\/\/homeemotion.lt\/lt\/wp-json\/wp\/v2\/media\/16927"}],"wp:attachment":[{"href":"https:\/\/homeemotion.lt\/lt\/wp-json\/wp\/v2\/media?parent=8198"}],"wp:term":[{"taxonomy":"product_brand","embeddable":true,"href":"https:\/\/homeemotion.lt\/lt\/wp-json\/wp\/v2\/product_brand?post=8198"},{"taxonomy":"product_cat","embeddable":true,"href":"https:\/\/homeemotion.lt\/lt\/wp-json\/wp\/v2\/product_cat?post=8198"},{"taxonomy":"product_tag","embeddable":true,"href":"https:\/\/homeemotion.lt\/lt\/wp-json\/wp\/v2\/product_tag?post=8198"}],"curies":[{"name":"wp","href":"https:\/\/api.w.org\/{rel}","templated":true}]}}