{"id":8009,"date":"2020-09-21T15:26:03","date_gmt":"2020-09-21T12:26:03","guid":{"rendered":"https:\/\/homeemotion.lt\/toode\/import-placeholder-for-5201411001722\/"},"modified":"2026-04-17T19:10:34","modified_gmt":"2026-04-17T16:10:34","slug":"grillpann-granite-28x28cm-mittenakkuva-kattega","status":"publish","type":"product","link":"https:\/\/homeemotion.lt\/lt\/toode\/grillpann-granite-28x28cm-mittenakkuva-kattega\/","title":{"rendered":"Grilio keptuv\u0117 Granitas 28x28 cm, su nelimpan\u010diu dang\u010diu"},"content":{"rendered":"","protected":false},"excerpt":{"rendered":"","protected":false},"featured_media":16526,"template":"","meta":{"om_disable_all_campaigns":false,"_uf_show_specific_survey":0,"_uf_disable_surveys":false},"product_brand":[1080],"product_cat":[955,956,995],"product_tag":[466],"class_list":{"0":"post-8009","1":"product","2":"type-product","3":"status-publish","4":"has-post-thumbnail","6":"product_brand-pal","7":"product_cat-kodu","8":"product_cat-koogitarvikud","9":"product_cat-pannid","10":"product_tag-pal","12":"first","13":"instock","14":"taxable","15":"shipping-taxable","16":"purchasable","17":"product-type-simple"},"aioseo_notices":[],"_links":{"self":[{"href":"https:\/\/homeemotion.lt\/lt\/wp-json\/wp\/v2\/product\/8009","targetHints":{"allow":["GET"]}}],"collection":[{"href":"https:\/\/homeemotion.lt\/lt\/wp-json\/wp\/v2\/product"}],"about":[{"href":"https:\/\/homeemotion.lt\/lt\/wp-json\/wp\/v2\/types\/product"}],"wp:featuredmedia":[{"embeddable":true,"href":"https:\/\/homeemotion.lt\/lt\/wp-json\/wp\/v2\/media\/16526"}],"wp:attachment":[{"href":"https:\/\/homeemotion.lt\/lt\/wp-json\/wp\/v2\/media?parent=8009"}],"wp:term":[{"taxonomy":"product_brand","embeddable":true,"href":"https:\/\/homeemotion.lt\/lt\/wp-json\/wp\/v2\/product_brand?post=8009"},{"taxonomy":"product_cat","embeddable":true,"href":"https:\/\/homeemotion.lt\/lt\/wp-json\/wp\/v2\/product_cat?post=8009"},{"taxonomy":"product_tag","embeddable":true,"href":"https:\/\/homeemotion.lt\/lt\/wp-json\/wp\/v2\/product_tag?post=8009"}],"curies":[{"name":"wp","href":"https:\/\/api.w.org\/{rel}","templated":true}]}}