{"id":789,"date":"2017-10-30T11:15:38","date_gmt":"2017-10-30T08:15:38","guid":{"rendered":"http:\/\/marktrading.ee\/?post_type=product&#038;p=789"},"modified":"2026-04-21T14:13:29","modified_gmt":"2026-04-21T11:13:29","slug":"sirgendav-juuksehari","status":"publish","type":"product","link":"https:\/\/homeemotion.lt\/lt\/toode\/sirgendav-juuksehari\/","title":{"rendered":"Plauk\u0173 tiesinimo \u0161epetys \"Babyliss"},"content":{"rendered":"","protected":false},"excerpt":{"rendered":"<p>Juuksehari-sirgendaja kammib ning sirgendab \u00f5rnalt juukseid neid kahjustamata. LED indikaatoriga reguleeritav temperatuur: 160-200 \u00b0C. ioonide generaator k\u00f5rvaldab staatilise elektri. soojenemisaeg 30 sek. juhtme pikkus 1,8 m. \u00fclekuumenemise kaitse. automaatne v\u00e4ljal\u00fclitus. v\u00e4rv: must<\/p>\n<p>v\u00e4rv: must<\/p>","protected":false},"featured_media":17118,"template":"","meta":{"om_disable_all_campaigns":false,"_uf_show_specific_survey":0,"_uf_disable_surveys":false},"product_brand":[1087],"product_cat":[985,986,1067],"product_tag":[19],"class_list":{"0":"post-789","1":"product","2":"type-product","3":"status-publish","4":"has-post-thumbnail","6":"product_brand-babyliss","7":"product_cat-ilu","8":"product_cat-ilutooted","9":"product_cat-juuksesirgendaja","10":"product_tag-babyliss","12":"first","13":"instock","14":"taxable","15":"shipping-taxable","16":"purchasable","17":"product-type-simple"},"aioseo_notices":[],"_links":{"self":[{"href":"https:\/\/homeemotion.lt\/lt\/wp-json\/wp\/v2\/product\/789","targetHints":{"allow":["GET"]}}],"collection":[{"href":"https:\/\/homeemotion.lt\/lt\/wp-json\/wp\/v2\/product"}],"about":[{"href":"https:\/\/homeemotion.lt\/lt\/wp-json\/wp\/v2\/types\/product"}],"wp:featuredmedia":[{"embeddable":true,"href":"https:\/\/homeemotion.lt\/lt\/wp-json\/wp\/v2\/media\/17118"}],"wp:attachment":[{"href":"https:\/\/homeemotion.lt\/lt\/wp-json\/wp\/v2\/media?parent=789"}],"wp:term":[{"taxonomy":"product_brand","embeddable":true,"href":"https:\/\/homeemotion.lt\/lt\/wp-json\/wp\/v2\/product_brand?post=789"},{"taxonomy":"product_cat","embeddable":true,"href":"https:\/\/homeemotion.lt\/lt\/wp-json\/wp\/v2\/product_cat?post=789"},{"taxonomy":"product_tag","embeddable":true,"href":"https:\/\/homeemotion.lt\/lt\/wp-json\/wp\/v2\/product_tag?post=789"}],"curies":[{"name":"wp","href":"https:\/\/api.w.org\/{rel}","templated":true}]}}