{"id":7747,"date":"2020-07-30T19:46:47","date_gmt":"2020-07-30T16:46:47","guid":{"rendered":"https:\/\/homeemotion.lt\/toode\/kauss-molly-3l\/"},"modified":"2026-04-18T10:39:19","modified_gmt":"2026-04-18T07:39:19","slug":"kauss-molly-3l","status":"publish","type":"product","link":"https:\/\/homeemotion.lt\/lt\/toode\/kauss-molly-3l\/","title":{"rendered":"Kauss Molly 3l, hall"},"content":{"rendered":"","protected":false},"excerpt":{"rendered":"<p>Toote omadused: valmistatud kvaliteetsest plastikust. Kindel ja vastupidav kahjustustele. Funktsionaalne &#8211; sobib suurep\u00e4raselt salatite serveerimiseks, koogi koostisosade segamiseks. Pestav n\u00f5udepesumasinas. V\u00e4rvid: hall. . M\u00f5\u00f5tmed:. Maht: 3L. L\u00e4bim\u00f5\u00f5t: 23,5cm. K\u00f5rgus: 11 cm<\/p>","protected":false},"featured_media":16781,"template":"","meta":{"om_disable_all_campaigns":false,"_uf_show_specific_survey":0,"_uf_disable_surveys":false},"product_brand":[1078],"product_cat":[963,955,956],"product_tag":[516],"class_list":{"0":"post-7747","1":"product","2":"type-product","3":"status-publish","4":"has-post-thumbnail","6":"product_brand-galicja","7":"product_cat-anumad-ja-mootetarvikud","8":"product_cat-kodu","9":"product_cat-koogitarvikud","10":"product_tag-galicja","12":"first","13":"instock","14":"taxable","15":"shipping-taxable","16":"purchasable","17":"product-type-simple"},"aioseo_notices":[],"_links":{"self":[{"href":"https:\/\/homeemotion.lt\/lt\/wp-json\/wp\/v2\/product\/7747","targetHints":{"allow":["GET"]}}],"collection":[{"href":"https:\/\/homeemotion.lt\/lt\/wp-json\/wp\/v2\/product"}],"about":[{"href":"https:\/\/homeemotion.lt\/lt\/wp-json\/wp\/v2\/types\/product"}],"wp:featuredmedia":[{"embeddable":true,"href":"https:\/\/homeemotion.lt\/lt\/wp-json\/wp\/v2\/media\/16781"}],"wp:attachment":[{"href":"https:\/\/homeemotion.lt\/lt\/wp-json\/wp\/v2\/media?parent=7747"}],"wp:term":[{"taxonomy":"product_brand","embeddable":true,"href":"https:\/\/homeemotion.lt\/lt\/wp-json\/wp\/v2\/product_brand?post=7747"},{"taxonomy":"product_cat","embeddable":true,"href":"https:\/\/homeemotion.lt\/lt\/wp-json\/wp\/v2\/product_cat?post=7747"},{"taxonomy":"product_tag","embeddable":true,"href":"https:\/\/homeemotion.lt\/lt\/wp-json\/wp\/v2\/product_tag?post=7747"}],"curies":[{"name":"wp","href":"https:\/\/api.w.org\/{rel}","templated":true}]}}