{"id":7746,"date":"2020-07-30T19:46:47","date_gmt":"2020-07-30T16:46:47","guid":{"rendered":"https:\/\/homeemotion.lt\/toode\/kauss-molly-2l\/"},"modified":"2026-04-18T13:38:08","modified_gmt":"2026-04-18T10:38:08","slug":"kauss-molly-2l","status":"publish","type":"product","link":"https:\/\/homeemotion.lt\/lt\/toode\/kauss-molly-2l\/","title":{"rendered":"Puodelis Molly 2l"},"content":{"rendered":"","protected":false},"excerpt":{"rendered":"<p>Toote omadused: valmistatud kvaliteetsest plastikust. Kindel ja vastupidav kahjustustele. Funktsionaalne &#8211; sobib suurep\u00e4raselt salatite serveerimiseks, koogi koostisosade segamiseks. Pestav n\u00f5udepesumasinas. V\u00e4rvid: hall. . M\u00f5\u00f5tmed:. Maht: 2L. L\u00e4bim\u00f5\u00f5t: 20 cm. K\u00f5rgus: 9,5 cm<\/p>","protected":false},"featured_media":16780,"template":"","meta":{"om_disable_all_campaigns":false,"_uf_show_specific_survey":0,"_uf_disable_surveys":false},"product_brand":[1078],"product_cat":[963,955,956],"product_tag":[516],"class_list":{"0":"post-7746","1":"product","2":"type-product","3":"status-publish","4":"has-post-thumbnail","6":"product_brand-galicja","7":"product_cat-anumad-ja-mootetarvikud","8":"product_cat-kodu","9":"product_cat-koogitarvikud","10":"product_tag-galicja","12":"first","13":"instock","14":"taxable","15":"shipping-taxable","16":"purchasable","17":"product-type-simple"},"aioseo_notices":[],"_links":{"self":[{"href":"https:\/\/homeemotion.lt\/lt\/wp-json\/wp\/v2\/product\/7746","targetHints":{"allow":["GET"]}}],"collection":[{"href":"https:\/\/homeemotion.lt\/lt\/wp-json\/wp\/v2\/product"}],"about":[{"href":"https:\/\/homeemotion.lt\/lt\/wp-json\/wp\/v2\/types\/product"}],"wp:featuredmedia":[{"embeddable":true,"href":"https:\/\/homeemotion.lt\/lt\/wp-json\/wp\/v2\/media\/16780"}],"wp:attachment":[{"href":"https:\/\/homeemotion.lt\/lt\/wp-json\/wp\/v2\/media?parent=7746"}],"wp:term":[{"taxonomy":"product_brand","embeddable":true,"href":"https:\/\/homeemotion.lt\/lt\/wp-json\/wp\/v2\/product_brand?post=7746"},{"taxonomy":"product_cat","embeddable":true,"href":"https:\/\/homeemotion.lt\/lt\/wp-json\/wp\/v2\/product_cat?post=7746"},{"taxonomy":"product_tag","embeddable":true,"href":"https:\/\/homeemotion.lt\/lt\/wp-json\/wp\/v2\/product_tag?post=7746"}],"curies":[{"name":"wp","href":"https:\/\/api.w.org\/{rel}","templated":true}]}}