{"id":7742,"date":"2020-07-30T19:46:47","date_gmt":"2020-07-30T16:46:47","guid":{"rendered":"https:\/\/homeemotion.lt\/toode\/koogikarp-kandiku-ja-kaanega-40x30x13cm-roosa\/"},"modified":"2026-04-17T14:37:58","modified_gmt":"2026-04-17T11:37:58","slug":"koogikarp-kandiku-ja-kaanega-40x30x13cm-roosa","status":"publish","type":"product","link":"https:\/\/homeemotion.lt\/lt\/toode\/koogikarp-kandiku-ja-kaanega-40x30x13cm-roosa\/","title":{"rendered":"Pyrag\u0173 d\u0117\u017eut\u0117 su pad\u0117klu ir dang\u010diu, 40X30X13 cm, ro\u017ein\u0117s spalvos"},"content":{"rendered":"","protected":false},"excerpt":{"rendered":"<p>Torto d\u0117\u017eut\u0117 pagaminta i\u0161 plastiko. J\u0105 sudaro 3 elementai: pagrindas, pertvara ir dangtis. Matmenys. Ilgis: 40 cm. Plotis: 30 cm. Auk\u0161tis: 13 cm. Svoris: 830 g.<\/p>","protected":false},"featured_media":16770,"template":"","meta":{"om_disable_all_campaigns":false,"_uf_show_specific_survey":0,"_uf_disable_surveys":false},"product_brand":[1078],"product_cat":[994,955,956],"product_tag":[516],"class_list":{"0":"post-7742","1":"product","2":"type-product","3":"status-publish","4":"has-post-thumbnail","6":"product_brand-galicja","7":"product_cat-hoiukastid","8":"product_cat-kodu","9":"product_cat-koogitarvikud","10":"product_tag-galicja","12":"first","13":"instock","14":"taxable","15":"shipping-taxable","16":"purchasable","17":"product-type-simple"},"aioseo_notices":[],"_links":{"self":[{"href":"https:\/\/homeemotion.lt\/lt\/wp-json\/wp\/v2\/product\/7742","targetHints":{"allow":["GET"]}}],"collection":[{"href":"https:\/\/homeemotion.lt\/lt\/wp-json\/wp\/v2\/product"}],"about":[{"href":"https:\/\/homeemotion.lt\/lt\/wp-json\/wp\/v2\/types\/product"}],"wp:featuredmedia":[{"embeddable":true,"href":"https:\/\/homeemotion.lt\/lt\/wp-json\/wp\/v2\/media\/16770"}],"wp:attachment":[{"href":"https:\/\/homeemotion.lt\/lt\/wp-json\/wp\/v2\/media?parent=7742"}],"wp:term":[{"taxonomy":"product_brand","embeddable":true,"href":"https:\/\/homeemotion.lt\/lt\/wp-json\/wp\/v2\/product_brand?post=7742"},{"taxonomy":"product_cat","embeddable":true,"href":"https:\/\/homeemotion.lt\/lt\/wp-json\/wp\/v2\/product_cat?post=7742"},{"taxonomy":"product_tag","embeddable":true,"href":"https:\/\/homeemotion.lt\/lt\/wp-json\/wp\/v2\/product_tag?post=7742"}],"curies":[{"name":"wp","href":"https:\/\/api.w.org\/{rel}","templated":true}]}}