{"id":7739,"date":"2020-07-30T19:46:47","date_gmt":"2020-07-30T16:46:47","guid":{"rendered":"https:\/\/homeemotion.lt\/toode\/vahukulp-tiheda-soelaga\/"},"modified":"2026-04-19T16:38:00","modified_gmt":"2026-04-19T13:38:00","slug":"vahukulp-tiheda-soelaga","status":"publish","type":"product","link":"https:\/\/homeemotion.lt\/lt\/toode\/vahukulp-tiheda-soelaga\/","title":{"rendered":"Va\u0161kinis kam\u0161tis su smulkiu sieteliu"},"content":{"rendered":"","protected":false},"excerpt":{"rendered":"<p>Put\u0173 kam\u0161tis pagamintas i\u0161 auk\u0161tos kokyb\u0117s ner\u016bdijan\u010diojo plieno, j\u012f lengva naudoti ir valyti.<\/p>","protected":false},"featured_media":16686,"template":"","meta":{"om_disable_all_campaigns":false,"_uf_show_specific_survey":0,"_uf_disable_surveys":false},"product_brand":[1078],"product_cat":[955,956,982],"product_tag":[516],"class_list":{"0":"post-7739","1":"product","2":"type-product","3":"status-publish","4":"has-post-thumbnail","6":"product_brand-galicja","7":"product_cat-kodu","8":"product_cat-koogitarvikud","9":"product_cat-kulbid","10":"product_tag-galicja","12":"first","13":"outofstock","14":"taxable","15":"shipping-taxable","16":"purchasable","17":"product-type-simple"},"aioseo_notices":[],"_links":{"self":[{"href":"https:\/\/homeemotion.lt\/lt\/wp-json\/wp\/v2\/product\/7739","targetHints":{"allow":["GET"]}}],"collection":[{"href":"https:\/\/homeemotion.lt\/lt\/wp-json\/wp\/v2\/product"}],"about":[{"href":"https:\/\/homeemotion.lt\/lt\/wp-json\/wp\/v2\/types\/product"}],"wp:featuredmedia":[{"embeddable":true,"href":"https:\/\/homeemotion.lt\/lt\/wp-json\/wp\/v2\/media\/16686"}],"wp:attachment":[{"href":"https:\/\/homeemotion.lt\/lt\/wp-json\/wp\/v2\/media?parent=7739"}],"wp:term":[{"taxonomy":"product_brand","embeddable":true,"href":"https:\/\/homeemotion.lt\/lt\/wp-json\/wp\/v2\/product_brand?post=7739"},{"taxonomy":"product_cat","embeddable":true,"href":"https:\/\/homeemotion.lt\/lt\/wp-json\/wp\/v2\/product_cat?post=7739"},{"taxonomy":"product_tag","embeddable":true,"href":"https:\/\/homeemotion.lt\/lt\/wp-json\/wp\/v2\/product_tag?post=7739"}],"curies":[{"name":"wp","href":"https:\/\/api.w.org\/{rel}","templated":true}]}}