{"id":7468,"date":"2020-07-03T15:52:36","date_gmt":"2020-07-03T12:52:36","guid":{"rendered":"https:\/\/homeemotion.lt\/?post_type=product&#038;p=7468"},"modified":"2026-04-17T18:16:27","modified_gmt":"2026-04-17T15:16:27","slug":"soojapuhur-domo","status":"publish","type":"product","link":"https:\/\/homeemotion.lt\/lt\/toode\/soojapuhur-domo\/","title":{"rendered":"Keraminis \u0161ilumos pistoletas Domo"},"content":{"rendered":"","protected":false},"excerpt":{"rendered":"<p>Keraminis \u0161ildytuvas. Sukamasis. Reguliuojama temperat\u016bra: 5-35 \u00b0C. Laikmatis: 1-8 val. Ekologin\u0117 funkcija optimaliam nustatytos temperat\u016bros palaikymui. 2 galios nustatymai: didelis - ma\u017eas. Jutiklinis ekranas. Valdymo skydelis su LED ekranu. Sverto funkcija, leid\u017eianti \u0161ildytuvui judinti or\u0105 i\u0161 kair\u0117s \u012f de\u0161in\u0119 ir atvirk\u0161\u010diai. Saugos jutiklis, automati\u0161kai i\u0161jungiantis \u0161ildytuv\u0105, jei oro srautas i\u0161 dalies arba visi\u0161kai u\u017etemdomas. Apsauga nuo perkaitimo ir apvirtimo. Integruota rankena, kad \u012frengin\u012f b\u016bt\u0173 lengva transportuoti. Pridedamas nuotolinio valdymo pultelis. Matmenys: 21,5 x 21,5 x 58,3 cm.\n\nGalingumas: 2000 W<\/p>\n<p>Galia: 2000 W<\/p>","protected":false},"featured_media":16948,"template":"","meta":{"om_disable_all_campaigns":false,"_uf_show_specific_survey":0,"_uf_disable_surveys":false},"product_brand":[933],"product_cat":[1002,1028,1001],"product_tag":[116],"class_list":{"0":"post-7468","1":"product","2":"type-product","3":"status-publish","4":"has-post-thumbnail","6":"product_brand-domo","7":"product_cat-kodutehnika","8":"product_cat-soojapuhurid","9":"product_cat-tehnika","10":"product_tag-domo","12":"first","13":"instock","14":"taxable","15":"shipping-taxable","16":"purchasable","17":"product-type-simple"},"aioseo_notices":[],"_links":{"self":[{"href":"https:\/\/homeemotion.lt\/lt\/wp-json\/wp\/v2\/product\/7468","targetHints":{"allow":["GET"]}}],"collection":[{"href":"https:\/\/homeemotion.lt\/lt\/wp-json\/wp\/v2\/product"}],"about":[{"href":"https:\/\/homeemotion.lt\/lt\/wp-json\/wp\/v2\/types\/product"}],"wp:featuredmedia":[{"embeddable":true,"href":"https:\/\/homeemotion.lt\/lt\/wp-json\/wp\/v2\/media\/16948"}],"wp:attachment":[{"href":"https:\/\/homeemotion.lt\/lt\/wp-json\/wp\/v2\/media?parent=7468"}],"wp:term":[{"taxonomy":"product_brand","embeddable":true,"href":"https:\/\/homeemotion.lt\/lt\/wp-json\/wp\/v2\/product_brand?post=7468"},{"taxonomy":"product_cat","embeddable":true,"href":"https:\/\/homeemotion.lt\/lt\/wp-json\/wp\/v2\/product_cat?post=7468"},{"taxonomy":"product_tag","embeddable":true,"href":"https:\/\/homeemotion.lt\/lt\/wp-json\/wp\/v2\/product_tag?post=7468"}],"curies":[{"name":"wp","href":"https:\/\/api.w.org\/{rel}","templated":true}]}}