{"id":7459,"date":"2020-07-03T15:34:47","date_gmt":"2020-07-03T12:34:47","guid":{"rendered":"https:\/\/homeemotion.lt\/?post_type=product&#038;p=7459"},"modified":"2026-04-19T19:11:43","modified_gmt":"2026-04-19T16:11:43","slug":"nugadeteritaja-elektriline-domo","status":"publish","type":"product","link":"https:\/\/homeemotion.lt\/lt\/toode\/nugadeteritaja-elektriline-domo\/","title":{"rendered":"Elektrinis vinis Domo"},"content":{"rendered":"","protected":false},"excerpt":{"rendered":"<p>Terituss\u00fcsteem 2 lihvkiviga (lihvimine ja poleerimine). Noa juhik, optimaalse lihvimisnurga saavutamiseks. Sisse-v\u00e4lja l\u00fcliti. Libisemisvastased jalad<\/p>\n<p>V\u00f5imsus: 40 W<\/p>","protected":false},"featured_media":16965,"template":"","meta":{"om_disable_all_campaigns":false,"_uf_show_specific_survey":0,"_uf_disable_surveys":false},"product_brand":[933],"product_cat":[955,956,1035],"product_tag":[116],"class_list":{"0":"post-7459","1":"product","2":"type-product","3":"status-publish","4":"has-post-thumbnail","6":"product_brand-domo","7":"product_cat-kodu","8":"product_cat-koogitarvikud","9":"product_cat-teritajad","10":"product_tag-domo","12":"first","13":"instock","14":"taxable","15":"shipping-taxable","16":"purchasable","17":"product-type-simple"},"aioseo_notices":[],"_links":{"self":[{"href":"https:\/\/homeemotion.lt\/lt\/wp-json\/wp\/v2\/product\/7459","targetHints":{"allow":["GET"]}}],"collection":[{"href":"https:\/\/homeemotion.lt\/lt\/wp-json\/wp\/v2\/product"}],"about":[{"href":"https:\/\/homeemotion.lt\/lt\/wp-json\/wp\/v2\/types\/product"}],"wp:featuredmedia":[{"embeddable":true,"href":"https:\/\/homeemotion.lt\/lt\/wp-json\/wp\/v2\/media\/16965"}],"wp:attachment":[{"href":"https:\/\/homeemotion.lt\/lt\/wp-json\/wp\/v2\/media?parent=7459"}],"wp:term":[{"taxonomy":"product_brand","embeddable":true,"href":"https:\/\/homeemotion.lt\/lt\/wp-json\/wp\/v2\/product_brand?post=7459"},{"taxonomy":"product_cat","embeddable":true,"href":"https:\/\/homeemotion.lt\/lt\/wp-json\/wp\/v2\/product_cat?post=7459"},{"taxonomy":"product_tag","embeddable":true,"href":"https:\/\/homeemotion.lt\/lt\/wp-json\/wp\/v2\/product_tag?post=7459"}],"curies":[{"name":"wp","href":"https:\/\/api.w.org\/{rel}","templated":true}]}}