{"id":7409,"date":"2020-07-03T13:47:59","date_gmt":"2020-07-03T10:47:59","guid":{"rendered":"https:\/\/homeemotion.lt\/?post_type=product&#038;p=7409"},"modified":"2026-04-17T19:11:25","modified_gmt":"2026-04-17T16:11:25","slug":"kannmikser-klaaskann-domo","status":"publish","type":"product","link":"https:\/\/homeemotion.lt\/lt\/toode\/kannmikser-klaaskann-domo\/","title":{"rendered":"\u0104sotis mai\u0161ytuvas stiklinis \u0105sotis Domo 1000W"},"content":{"rendered":"","protected":false},"excerpt":{"rendered":"<p>1,5 l stiklin\u0117 talpa. Impulsinis re\u017eimas. Ap\u0161viesti funkcij\u0173 mygtukai ledo smulkinimui ir kokteiliams ruo\u0161ti. 6 peiliukai puikiam plakimo rezultatui. Nuimami peiliukai. Dangtelis su papildymo anga ir matavimo puodeliu. Lengva valyti. Iki 20000 aps.\/min Galia: 1000 W<\/p>\n<p>Galia: 1000 W<\/p>","protected":false},"featured_media":16938,"template":"","meta":{"om_disable_all_campaigns":false,"_uf_show_specific_survey":0,"_uf_disable_surveys":false},"product_brand":[933],"product_cat":[955,973,1022],"product_tag":[116],"class_list":{"0":"post-7409","1":"product","2":"type-product","3":"status-publish","4":"has-post-thumbnail","6":"product_brand-domo","7":"product_cat-kodu","8":"product_cat-koogitehnika","9":"product_cat-mikserid","10":"product_tag-domo","12":"first","13":"instock","14":"taxable","15":"shipping-taxable","16":"purchasable","17":"product-type-simple"},"aioseo_notices":[],"_links":{"self":[{"href":"https:\/\/homeemotion.lt\/lt\/wp-json\/wp\/v2\/product\/7409","targetHints":{"allow":["GET"]}}],"collection":[{"href":"https:\/\/homeemotion.lt\/lt\/wp-json\/wp\/v2\/product"}],"about":[{"href":"https:\/\/homeemotion.lt\/lt\/wp-json\/wp\/v2\/types\/product"}],"wp:featuredmedia":[{"embeddable":true,"href":"https:\/\/homeemotion.lt\/lt\/wp-json\/wp\/v2\/media\/16938"}],"wp:attachment":[{"href":"https:\/\/homeemotion.lt\/lt\/wp-json\/wp\/v2\/media?parent=7409"}],"wp:term":[{"taxonomy":"product_brand","embeddable":true,"href":"https:\/\/homeemotion.lt\/lt\/wp-json\/wp\/v2\/product_brand?post=7409"},{"taxonomy":"product_cat","embeddable":true,"href":"https:\/\/homeemotion.lt\/lt\/wp-json\/wp\/v2\/product_cat?post=7409"},{"taxonomy":"product_tag","embeddable":true,"href":"https:\/\/homeemotion.lt\/lt\/wp-json\/wp\/v2\/product_tag?post=7409"}],"curies":[{"name":"wp","href":"https:\/\/api.w.org\/{rel}","templated":true}]}}