{"id":7401,"date":"2020-07-03T13:40:02","date_gmt":"2020-07-03T10:40:02","guid":{"rendered":"https:\/\/homeemotion.lt\/?post_type=product&#038;p=7401"},"modified":"2026-04-17T14:13:05","modified_gmt":"2026-04-17T11:13:05","slug":"kannmikser-plastikkann-domo","status":"publish","type":"product","link":"https:\/\/homeemotion.lt\/lt\/toode\/kannmikser-plastikkann-domo\/","title":{"rendered":"Kannmikser plastikkann Domo 1,5l"},"content":{"rendered":"","protected":false},"excerpt":{"rendered":"<p>BPA &#8211; vaba plastikkann mahuga 1,5 l. 2 kiirust + impulssprogramm. Eemaldatav tera. Kaanel t\u00e4itmisava ja m\u00f5\u00f5tetops. Lihtne puhastada. . Sobib ka j\u00e4\u00e4 purustamiseks<\/p>\n<p>V\u00f5imsus: 500 W<\/p>","protected":false},"featured_media":16964,"template":"","meta":{"om_disable_all_campaigns":false,"_uf_show_specific_survey":0,"_uf_disable_surveys":false},"product_brand":[933],"product_cat":[955,973,1022],"product_tag":[116],"class_list":{"0":"post-7401","1":"product","2":"type-product","3":"status-publish","4":"has-post-thumbnail","6":"product_brand-domo","7":"product_cat-kodu","8":"product_cat-koogitehnika","9":"product_cat-mikserid","10":"product_tag-domo","12":"first","13":"instock","14":"taxable","15":"shipping-taxable","16":"purchasable","17":"product-type-simple"},"aioseo_notices":[],"_links":{"self":[{"href":"https:\/\/homeemotion.lt\/lt\/wp-json\/wp\/v2\/product\/7401","targetHints":{"allow":["GET"]}}],"collection":[{"href":"https:\/\/homeemotion.lt\/lt\/wp-json\/wp\/v2\/product"}],"about":[{"href":"https:\/\/homeemotion.lt\/lt\/wp-json\/wp\/v2\/types\/product"}],"wp:featuredmedia":[{"embeddable":true,"href":"https:\/\/homeemotion.lt\/lt\/wp-json\/wp\/v2\/media\/16964"}],"wp:attachment":[{"href":"https:\/\/homeemotion.lt\/lt\/wp-json\/wp\/v2\/media?parent=7401"}],"wp:term":[{"taxonomy":"product_brand","embeddable":true,"href":"https:\/\/homeemotion.lt\/lt\/wp-json\/wp\/v2\/product_brand?post=7401"},{"taxonomy":"product_cat","embeddable":true,"href":"https:\/\/homeemotion.lt\/lt\/wp-json\/wp\/v2\/product_cat?post=7401"},{"taxonomy":"product_tag","embeddable":true,"href":"https:\/\/homeemotion.lt\/lt\/wp-json\/wp\/v2\/product_tag?post=7401"}],"curies":[{"name":"wp","href":"https:\/\/api.w.org\/{rel}","templated":true}]}}