{"id":7367,"date":"2020-07-03T12:36:44","date_gmt":"2020-07-03T09:36:44","guid":{"rendered":"https:\/\/homeemotion.lt\/?post_type=product&#038;p=7367"},"modified":"2026-04-21T14:13:20","modified_gmt":"2026-04-21T11:13:20","slug":"kohvimasin-taimeriga","status":"publish","type":"product","link":"https:\/\/homeemotion.lt\/lt\/toode\/kohvimasin-taimeriga\/","title":{"rendered":"Kavos aparatas su laikma\u010diu Domo 1000W"},"content":{"rendered":"","protected":false},"excerpt":{"rendered":"<p>Klaasist kann 1,5 l. V\u00f5imalik valmistada 10-12 tassi kohvi. Juhtpaneel LCD-ekraaniga. Taimer kuni 24 tundi. Automaatne v\u00e4ljal\u00fclitus (40 minuti p\u00e4rast). Eemaldatav filtrihoidik. Tilgalukk. Veetaseme n\u00e4idik<\/p>","protected":false},"featured_media":16936,"template":"","meta":{"om_disable_all_campaigns":false,"_uf_show_specific_survey":0,"_uf_disable_surveys":false},"product_brand":[933],"product_cat":[955,1021,973],"product_tag":[116],"class_list":{"0":"post-7367","1":"product","2":"type-product","3":"status-publish","4":"has-post-thumbnail","6":"product_brand-domo","7":"product_cat-kodu","8":"product_cat-kohvimasinad","9":"product_cat-koogitehnika","10":"product_tag-domo","12":"first","13":"instock","14":"taxable","15":"shipping-taxable","16":"purchasable","17":"product-type-simple"},"aioseo_notices":[],"_links":{"self":[{"href":"https:\/\/homeemotion.lt\/lt\/wp-json\/wp\/v2\/product\/7367","targetHints":{"allow":["GET"]}}],"collection":[{"href":"https:\/\/homeemotion.lt\/lt\/wp-json\/wp\/v2\/product"}],"about":[{"href":"https:\/\/homeemotion.lt\/lt\/wp-json\/wp\/v2\/types\/product"}],"wp:featuredmedia":[{"embeddable":true,"href":"https:\/\/homeemotion.lt\/lt\/wp-json\/wp\/v2\/media\/16936"}],"wp:attachment":[{"href":"https:\/\/homeemotion.lt\/lt\/wp-json\/wp\/v2\/media?parent=7367"}],"wp:term":[{"taxonomy":"product_brand","embeddable":true,"href":"https:\/\/homeemotion.lt\/lt\/wp-json\/wp\/v2\/product_brand?post=7367"},{"taxonomy":"product_cat","embeddable":true,"href":"https:\/\/homeemotion.lt\/lt\/wp-json\/wp\/v2\/product_cat?post=7367"},{"taxonomy":"product_tag","embeddable":true,"href":"https:\/\/homeemotion.lt\/lt\/wp-json\/wp\/v2\/product_tag?post=7367"}],"curies":[{"name":"wp","href":"https:\/\/api.w.org\/{rel}","templated":true}]}}