{"id":7286,"date":"2020-06-11T09:49:53","date_gmt":"2020-06-11T06:49:53","guid":{"rendered":"https:\/\/homeemotion.lt\/?post_type=product&#038;p=7286"},"modified":"2026-04-17T17:36:37","modified_gmt":"2026-04-17T14:36:37","slug":"juuksesirgendaja-babyliss-3","status":"publish","type":"product","link":"https:\/\/homeemotion.lt\/lt\/toode\/juuksesirgendaja-babyliss-3\/","title":{"rendered":"Plauk\u0173 tiesintuvas \"Babyliss\", keraminis dangtelis"},"content":{"rendered":"","protected":false},"excerpt":{"rendered":"<p>Keraamiline sirgendaja l\u00e4bim\u00f5\u00f5duga 25\u00d795 mm. Ceramic kate. 2 temperatuuriastet: 200\u00b0C ja 230\u00b0C. Kiire kuumenemine. Automaatne v\u00e4ljal\u00fclitus. Kuumakindel matt. 2m p\u00f6\u00f6rlev juhe<\/p>","protected":false},"featured_media":17197,"template":"","meta":{"om_disable_all_campaigns":false,"_uf_show_specific_survey":0,"_uf_disable_surveys":false},"product_brand":[1087],"product_cat":[985,986,1067],"product_tag":[19],"class_list":{"0":"post-7286","1":"product","2":"type-product","3":"status-publish","4":"has-post-thumbnail","6":"product_brand-babyliss","7":"product_cat-ilu","8":"product_cat-ilutooted","9":"product_cat-juuksesirgendaja","10":"product_tag-babyliss","12":"first","13":"instock","14":"taxable","15":"shipping-taxable","16":"purchasable","17":"product-type-simple"},"aioseo_notices":[],"_links":{"self":[{"href":"https:\/\/homeemotion.lt\/lt\/wp-json\/wp\/v2\/product\/7286","targetHints":{"allow":["GET"]}}],"collection":[{"href":"https:\/\/homeemotion.lt\/lt\/wp-json\/wp\/v2\/product"}],"about":[{"href":"https:\/\/homeemotion.lt\/lt\/wp-json\/wp\/v2\/types\/product"}],"wp:featuredmedia":[{"embeddable":true,"href":"https:\/\/homeemotion.lt\/lt\/wp-json\/wp\/v2\/media\/17197"}],"wp:attachment":[{"href":"https:\/\/homeemotion.lt\/lt\/wp-json\/wp\/v2\/media?parent=7286"}],"wp:term":[{"taxonomy":"product_brand","embeddable":true,"href":"https:\/\/homeemotion.lt\/lt\/wp-json\/wp\/v2\/product_brand?post=7286"},{"taxonomy":"product_cat","embeddable":true,"href":"https:\/\/homeemotion.lt\/lt\/wp-json\/wp\/v2\/product_cat?post=7286"},{"taxonomy":"product_tag","embeddable":true,"href":"https:\/\/homeemotion.lt\/lt\/wp-json\/wp\/v2\/product_tag?post=7286"}],"curies":[{"name":"wp","href":"https:\/\/api.w.org\/{rel}","templated":true}]}}