{"id":7276,"date":"2020-06-11T09:11:32","date_gmt":"2020-06-11T06:11:32","guid":{"rendered":"https:\/\/homeemotion.lt\/?post_type=product&#038;p=7276"},"modified":"2026-04-17T19:11:41","modified_gmt":"2026-04-17T16:11:41","slug":"juuksesirgendaja-babyliss-2","status":"publish","type":"product","link":"https:\/\/homeemotion.lt\/lt\/toode\/juuksesirgendaja-babyliss-2\/","title":{"rendered":"* Plauk\u0173 tiesintuvas Babyliss Turmaline ceramic"},"content":{"rendered":"","protected":false},"excerpt":{"rendered":"<p>25\u00d795 mm skersmens keraminis tiesintuvas. Turmalino keramin\u0117 danga. 3 temperat\u016bros nustatymai: 180 \u00b0C, 200 \u00b0C ir 230 \u00b0C. Turmalino plieno dangtelis. Greitas kaitinimas. Automatinis i\u0161sijungimas. Kar\u0161\u010diui atsparus kilim\u0117lis. 2 m besisukantis laidas.<\/p>","protected":false},"featured_media":17198,"template":"","meta":{"om_disable_all_campaigns":false,"_uf_show_specific_survey":0,"_uf_disable_surveys":false},"product_brand":[1087],"product_cat":[985,986,1067],"product_tag":[19],"class_list":{"0":"post-7276","1":"product","2":"type-product","3":"status-publish","4":"has-post-thumbnail","6":"product_brand-babyliss","7":"product_cat-ilu","8":"product_cat-ilutooted","9":"product_cat-juuksesirgendaja","10":"product_tag-babyliss","12":"first","13":"instock","14":"taxable","15":"shipping-taxable","16":"purchasable","17":"product-type-simple"},"aioseo_notices":[],"_links":{"self":[{"href":"https:\/\/homeemotion.lt\/lt\/wp-json\/wp\/v2\/product\/7276","targetHints":{"allow":["GET"]}}],"collection":[{"href":"https:\/\/homeemotion.lt\/lt\/wp-json\/wp\/v2\/product"}],"about":[{"href":"https:\/\/homeemotion.lt\/lt\/wp-json\/wp\/v2\/types\/product"}],"wp:featuredmedia":[{"embeddable":true,"href":"https:\/\/homeemotion.lt\/lt\/wp-json\/wp\/v2\/media\/17198"}],"wp:attachment":[{"href":"https:\/\/homeemotion.lt\/lt\/wp-json\/wp\/v2\/media?parent=7276"}],"wp:term":[{"taxonomy":"product_brand","embeddable":true,"href":"https:\/\/homeemotion.lt\/lt\/wp-json\/wp\/v2\/product_brand?post=7276"},{"taxonomy":"product_cat","embeddable":true,"href":"https:\/\/homeemotion.lt\/lt\/wp-json\/wp\/v2\/product_cat?post=7276"},{"taxonomy":"product_tag","embeddable":true,"href":"https:\/\/homeemotion.lt\/lt\/wp-json\/wp\/v2\/product_tag?post=7276"}],"curies":[{"name":"wp","href":"https:\/\/api.w.org\/{rel}","templated":true}]}}