{"id":6733,"date":"2020-06-02T13:01:12","date_gmt":"2020-06-02T10:01:12","guid":{"rendered":"https:\/\/homeemotion.lt\/toode\/kasihari-varviline\/"},"modified":"2026-04-17T17:14:26","modified_gmt":"2026-04-17T14:14:26","slug":"kasihari-varviline","status":"publish","type":"product","link":"https:\/\/homeemotion.lt\/lt\/toode\/kasihari-varviline\/","title":{"rendered":"K\u00e4sihari v\u00e4rviline"},"content":{"rendered":"","protected":false},"excerpt":{"rendered":"<p>Galimos \u012fvairios spalvos!<\/p>","protected":false},"featured_media":16812,"template":"","meta":{"om_disable_all_campaigns":false,"_uf_show_specific_survey":0,"_uf_disable_surveys":false},"product_brand":[1078],"product_cat":[975,955,968],"product_tag":[516],"class_list":{"0":"post-6733","1":"product","2":"type-product","3":"status-publish","4":"has-post-thumbnail","6":"product_brand-galicja","7":"product_cat-harjad-ja-mopid","8":"product_cat-kodu","9":"product_cat-koristustarbed","10":"product_tag-galicja","12":"first","13":"instock","14":"taxable","15":"shipping-taxable","16":"purchasable","17":"product-type-simple"},"aioseo_notices":[],"_links":{"self":[{"href":"https:\/\/homeemotion.lt\/lt\/wp-json\/wp\/v2\/product\/6733","targetHints":{"allow":["GET"]}}],"collection":[{"href":"https:\/\/homeemotion.lt\/lt\/wp-json\/wp\/v2\/product"}],"about":[{"href":"https:\/\/homeemotion.lt\/lt\/wp-json\/wp\/v2\/types\/product"}],"wp:featuredmedia":[{"embeddable":true,"href":"https:\/\/homeemotion.lt\/lt\/wp-json\/wp\/v2\/media\/16812"}],"wp:attachment":[{"href":"https:\/\/homeemotion.lt\/lt\/wp-json\/wp\/v2\/media?parent=6733"}],"wp:term":[{"taxonomy":"product_brand","embeddable":true,"href":"https:\/\/homeemotion.lt\/lt\/wp-json\/wp\/v2\/product_brand?post=6733"},{"taxonomy":"product_cat","embeddable":true,"href":"https:\/\/homeemotion.lt\/lt\/wp-json\/wp\/v2\/product_cat?post=6733"},{"taxonomy":"product_tag","embeddable":true,"href":"https:\/\/homeemotion.lt\/lt\/wp-json\/wp\/v2\/product_tag?post=6733"}],"curies":[{"name":"wp","href":"https:\/\/api.w.org\/{rel}","templated":true}]}}