{"id":6667,"date":"2020-06-02T13:01:05","date_gmt":"2020-06-02T10:01:05","guid":{"rendered":"https:\/\/homeemotion.lt\/toode\/kupsetusvorm-platino-40x25x6cm\/"},"modified":"2026-04-17T17:36:25","modified_gmt":"2026-04-17T14:36:25","slug":"kupsetusvorm-platino-40x25x6cm","status":"publish","type":"product","link":"https:\/\/homeemotion.lt\/lt\/toode\/kupsetusvorm-platino-40x25x6cm\/","title":{"rendered":"K\u00fcpsetusvorm Platino 40x25x6cm"},"content":{"rendered":"","protected":false},"excerpt":{"rendered":"<p>M\u00f5\u00f5tmed:. Pikkus: 40 cm. Laius: 25 cm. K\u00f5rgus: 6 cm. Kaal: 316g<\/p>","protected":false},"featured_media":16748,"template":"","meta":{"om_disable_all_campaigns":false,"_uf_show_specific_survey":0,"_uf_disable_surveys":false},"product_brand":[1078],"product_cat":[955,956,957],"product_tag":[516],"class_list":{"0":"post-6667","1":"product","2":"type-product","3":"status-publish","4":"has-post-thumbnail","6":"product_brand-galicja","7":"product_cat-kodu","8":"product_cat-koogitarvikud","9":"product_cat-kupsetustarvikud","10":"product_tag-galicja","12":"first","13":"instock","14":"taxable","15":"shipping-taxable","16":"purchasable","17":"product-type-simple"},"aioseo_notices":[],"_links":{"self":[{"href":"https:\/\/homeemotion.lt\/lt\/wp-json\/wp\/v2\/product\/6667","targetHints":{"allow":["GET"]}}],"collection":[{"href":"https:\/\/homeemotion.lt\/lt\/wp-json\/wp\/v2\/product"}],"about":[{"href":"https:\/\/homeemotion.lt\/lt\/wp-json\/wp\/v2\/types\/product"}],"wp:featuredmedia":[{"embeddable":true,"href":"https:\/\/homeemotion.lt\/lt\/wp-json\/wp\/v2\/media\/16748"}],"wp:attachment":[{"href":"https:\/\/homeemotion.lt\/lt\/wp-json\/wp\/v2\/media?parent=6667"}],"wp:term":[{"taxonomy":"product_brand","embeddable":true,"href":"https:\/\/homeemotion.lt\/lt\/wp-json\/wp\/v2\/product_brand?post=6667"},{"taxonomy":"product_cat","embeddable":true,"href":"https:\/\/homeemotion.lt\/lt\/wp-json\/wp\/v2\/product_cat?post=6667"},{"taxonomy":"product_tag","embeddable":true,"href":"https:\/\/homeemotion.lt\/lt\/wp-json\/wp\/v2\/product_tag?post=6667"}],"curies":[{"name":"wp","href":"https:\/\/api.w.org\/{rel}","templated":true}]}}