{"id":6663,"date":"2020-06-02T13:01:05","date_gmt":"2020-06-02T10:01:05","guid":{"rendered":"https:\/\/homeemotion.lt\/toode\/koogivorm-platino-24cm-lahtikaiv\/"},"modified":"2026-04-17T17:14:21","modified_gmt":"2026-04-17T14:14:21","slug":"koogivorm-platino-24cm-lahtikaiv","status":"publish","type":"product","link":"https:\/\/homeemotion.lt\/lt\/toode\/koogivorm-platino-24cm-lahtikaiv\/","title":{"rendered":"Koogivorm Platino 24cm lahtik\u00e4iv"},"content":{"rendered":"","protected":false},"excerpt":{"rendered":"<p>Lahtik\u00e4iv koogivorm. L\u00e4bim\u00f5\u00f5t: 24cm. K\u00f5rgus: 6.8cm. Kaal: 285g<\/p>","protected":false},"featured_media":16756,"template":"","meta":{"om_disable_all_campaigns":false,"_uf_show_specific_survey":0,"_uf_disable_surveys":false},"product_brand":[1078],"product_cat":[955,956,957],"product_tag":[516],"class_list":{"0":"post-6663","1":"product","2":"type-product","3":"status-publish","4":"has-post-thumbnail","6":"product_brand-galicja","7":"product_cat-kodu","8":"product_cat-koogitarvikud","9":"product_cat-kupsetustarvikud","10":"product_tag-galicja","12":"first","13":"instock","14":"taxable","15":"shipping-taxable","16":"purchasable","17":"product-type-simple"},"aioseo_notices":[],"_links":{"self":[{"href":"https:\/\/homeemotion.lt\/lt\/wp-json\/wp\/v2\/product\/6663","targetHints":{"allow":["GET"]}}],"collection":[{"href":"https:\/\/homeemotion.lt\/lt\/wp-json\/wp\/v2\/product"}],"about":[{"href":"https:\/\/homeemotion.lt\/lt\/wp-json\/wp\/v2\/types\/product"}],"wp:featuredmedia":[{"embeddable":true,"href":"https:\/\/homeemotion.lt\/lt\/wp-json\/wp\/v2\/media\/16756"}],"wp:attachment":[{"href":"https:\/\/homeemotion.lt\/lt\/wp-json\/wp\/v2\/media?parent=6663"}],"wp:term":[{"taxonomy":"product_brand","embeddable":true,"href":"https:\/\/homeemotion.lt\/lt\/wp-json\/wp\/v2\/product_brand?post=6663"},{"taxonomy":"product_cat","embeddable":true,"href":"https:\/\/homeemotion.lt\/lt\/wp-json\/wp\/v2\/product_cat?post=6663"},{"taxonomy":"product_tag","embeddable":true,"href":"https:\/\/homeemotion.lt\/lt\/wp-json\/wp\/v2\/product_tag?post=6663"}],"curies":[{"name":"wp","href":"https:\/\/api.w.org\/{rel}","templated":true}]}}