{"id":6646,"date":"2020-06-02T13:01:03","date_gmt":"2020-06-02T10:01:03","guid":{"rendered":"https:\/\/homeemotion.lt\/toode\/pannkoogipann-royal-26cm\/"},"modified":"2026-04-21T14:13:10","modified_gmt":"2026-04-21T11:13:10","slug":"pannkoogipann-royal-26cm","status":"publish","type":"product","link":"https:\/\/homeemotion.lt\/lt\/toode\/pannkoogipann-royal-26cm\/","title":{"rendered":"Blyn\u0173 puodas \"Royal 26cm"},"content":{"rendered":"","protected":false},"excerpt":{"rendered":"<p>Mittenakkuv kate on v\u00e4ga vastupidav ja kriimustuskindel.. Pannil on paks induktsioonp\u00f5hi, mis on kohandatud kasutamiseks igat t\u00fc\u00fcpi pliitide jaoks. N\u00f5udepesumasin: JAH. . . . . . . . . . . . M\u00f5\u00f5tmed:. L\u00e4bim\u00f5\u00f5t: 26 cm<\/p>","protected":false},"featured_media":16791,"template":"","meta":{"om_disable_all_campaigns":false,"_uf_show_specific_survey":0,"_uf_disable_surveys":false},"product_brand":[1078],"product_cat":[955,956,995],"product_tag":[516],"class_list":{"0":"post-6646","1":"product","2":"type-product","3":"status-publish","4":"has-post-thumbnail","6":"product_brand-galicja","7":"product_cat-kodu","8":"product_cat-koogitarvikud","9":"product_cat-pannid","10":"product_tag-galicja","12":"first","13":"instock","14":"taxable","15":"shipping-taxable","16":"purchasable","17":"product-type-simple"},"aioseo_notices":[],"_links":{"self":[{"href":"https:\/\/homeemotion.lt\/lt\/wp-json\/wp\/v2\/product\/6646","targetHints":{"allow":["GET"]}}],"collection":[{"href":"https:\/\/homeemotion.lt\/lt\/wp-json\/wp\/v2\/product"}],"about":[{"href":"https:\/\/homeemotion.lt\/lt\/wp-json\/wp\/v2\/types\/product"}],"wp:featuredmedia":[{"embeddable":true,"href":"https:\/\/homeemotion.lt\/lt\/wp-json\/wp\/v2\/media\/16791"}],"wp:attachment":[{"href":"https:\/\/homeemotion.lt\/lt\/wp-json\/wp\/v2\/media?parent=6646"}],"wp:term":[{"taxonomy":"product_brand","embeddable":true,"href":"https:\/\/homeemotion.lt\/lt\/wp-json\/wp\/v2\/product_brand?post=6646"},{"taxonomy":"product_cat","embeddable":true,"href":"https:\/\/homeemotion.lt\/lt\/wp-json\/wp\/v2\/product_cat?post=6646"},{"taxonomy":"product_tag","embeddable":true,"href":"https:\/\/homeemotion.lt\/lt\/wp-json\/wp\/v2\/product_tag?post=6646"}],"curies":[{"name":"wp","href":"https:\/\/api.w.org\/{rel}","templated":true}]}}