{"id":6569,"date":"2020-06-02T13:00:55","date_gmt":"2020-06-02T10:00:55","guid":{"rendered":"https:\/\/homeemotion.lt\/toode\/kastrul-primo-22cm-46l-klaaskaanega\/"},"modified":"2026-04-17T17:36:24","modified_gmt":"2026-04-17T14:36:24","slug":"kastrul-primo-22cm-46l-klaaskaanega","status":"publish","type":"product","link":"https:\/\/homeemotion.lt\/lt\/toode\/kastrul-primo-22cm-46l-klaaskaanega\/","title":{"rendered":"Indas \"Primo\" 22cm\/4,6l su stikliniu dang\u010diu"},"content":{"rendered":"","protected":false},"excerpt":{"rendered":"<p>Materjal: roostevaba teras. L\u00e4bipaistev klaaskaas. Poti siseseinal m\u00f5\u00f5teskaala. Sobib igat t\u00fc\u00fcpi pliitidele: gaasi-, elektri-, keraamilistele, induktsioonpliitidele. L\u00e4bim\u00f5\u00f5t: 22 cm. Maht: 4,6l<\/p>","protected":false},"featured_media":16716,"template":"","meta":{"om_disable_all_campaigns":false,"_uf_show_specific_survey":0,"_uf_disable_surveys":false},"product_brand":[1078],"product_cat":[990,955,956],"product_tag":[516],"class_list":{"0":"post-6569","1":"product","2":"type-product","3":"status-publish","4":"has-post-thumbnail","6":"product_brand-galicja","7":"product_cat-kastrulid","8":"product_cat-kodu","9":"product_cat-koogitarvikud","10":"product_tag-galicja","12":"first","13":"instock","14":"taxable","15":"shipping-taxable","16":"purchasable","17":"product-type-simple"},"aioseo_notices":[],"_links":{"self":[{"href":"https:\/\/homeemotion.lt\/lt\/wp-json\/wp\/v2\/product\/6569","targetHints":{"allow":["GET"]}}],"collection":[{"href":"https:\/\/homeemotion.lt\/lt\/wp-json\/wp\/v2\/product"}],"about":[{"href":"https:\/\/homeemotion.lt\/lt\/wp-json\/wp\/v2\/types\/product"}],"wp:featuredmedia":[{"embeddable":true,"href":"https:\/\/homeemotion.lt\/lt\/wp-json\/wp\/v2\/media\/16716"}],"wp:attachment":[{"href":"https:\/\/homeemotion.lt\/lt\/wp-json\/wp\/v2\/media?parent=6569"}],"wp:term":[{"taxonomy":"product_brand","embeddable":true,"href":"https:\/\/homeemotion.lt\/lt\/wp-json\/wp\/v2\/product_brand?post=6569"},{"taxonomy":"product_cat","embeddable":true,"href":"https:\/\/homeemotion.lt\/lt\/wp-json\/wp\/v2\/product_cat?post=6569"},{"taxonomy":"product_tag","embeddable":true,"href":"https:\/\/homeemotion.lt\/lt\/wp-json\/wp\/v2\/product_tag?post=6569"}],"curies":[{"name":"wp","href":"https:\/\/api.w.org\/{rel}","templated":true}]}}