{"id":6556,"date":"2020-06-02T13:00:54","date_gmt":"2020-06-02T10:00:54","guid":{"rendered":"https:\/\/homeemotion.lt\/toode\/klaaskaas-24cm\/"},"modified":"2026-04-17T19:11:18","modified_gmt":"2026-04-17T16:11:18","slug":"klaaskaas-24cm","status":"publish","type":"product","link":"https:\/\/homeemotion.lt\/lt\/toode\/klaaskaas-24cm\/","title":{"rendered":"Stiklo mai\u0161elis 24 cm"},"content":{"rendered":"","protected":false},"excerpt":{"rendered":"<p>Kuumuskindel kaas. L\u00e4bim\u00f5\u00f5t: 24 cm. Valmistatud karastatud klaasist, mis on vastupidav kahjustustele. K\u00e4epide, mis toidu kuumutamisel kuumaks ei l\u00e4he. Kaanel on auru v\u00e4ljalaske ava ja metallist serv. Ei sobi ahjus kasutamiseks k\u00e4epideme t\u00f5ttu<\/p>","protected":false},"featured_media":16816,"template":"","meta":{"om_disable_all_campaigns":false,"_uf_show_specific_survey":0,"_uf_disable_surveys":false},"product_brand":[1078],"product_cat":[980,955,956],"product_tag":[516],"class_list":{"0":"post-6556","1":"product","2":"type-product","3":"status-publish","4":"has-post-thumbnail","6":"product_brand-galicja","7":"product_cat-kaaned","8":"product_cat-kodu","9":"product_cat-koogitarvikud","10":"product_tag-galicja","12":"first","13":"instock","14":"taxable","15":"shipping-taxable","16":"purchasable","17":"product-type-simple"},"aioseo_notices":[],"_links":{"self":[{"href":"https:\/\/homeemotion.lt\/lt\/wp-json\/wp\/v2\/product\/6556","targetHints":{"allow":["GET"]}}],"collection":[{"href":"https:\/\/homeemotion.lt\/lt\/wp-json\/wp\/v2\/product"}],"about":[{"href":"https:\/\/homeemotion.lt\/lt\/wp-json\/wp\/v2\/types\/product"}],"wp:featuredmedia":[{"embeddable":true,"href":"https:\/\/homeemotion.lt\/lt\/wp-json\/wp\/v2\/media\/16816"}],"wp:attachment":[{"href":"https:\/\/homeemotion.lt\/lt\/wp-json\/wp\/v2\/media?parent=6556"}],"wp:term":[{"taxonomy":"product_brand","embeddable":true,"href":"https:\/\/homeemotion.lt\/lt\/wp-json\/wp\/v2\/product_brand?post=6556"},{"taxonomy":"product_cat","embeddable":true,"href":"https:\/\/homeemotion.lt\/lt\/wp-json\/wp\/v2\/product_cat?post=6556"},{"taxonomy":"product_tag","embeddable":true,"href":"https:\/\/homeemotion.lt\/lt\/wp-json\/wp\/v2\/product_tag?post=6556"}],"curies":[{"name":"wp","href":"https:\/\/api.w.org\/{rel}","templated":true}]}}