{"id":6229,"date":"2020-04-24T11:25:04","date_gmt":"2020-04-24T08:25:04","guid":{"rendered":"https:\/\/homeemotion.lt\/?post_type=product&#038;p=6229"},"modified":"2026-04-21T14:13:19","modified_gmt":"2026-04-21T11:13:19","slug":"ohuniisutaja-domo-valgusega","status":"publish","type":"product","link":"https:\/\/homeemotion.lt\/lt\/toode\/ohuniisutaja-domo-valgusega\/","title":{"rendered":"*\u00d5huniisutaja Domo, valgusega"},"content":{"rendered":"","protected":false},"excerpt":{"rendered":"<p>Ultraheli \u00f5huniisutaja. Suur niisutusv\u00f5ime: 0,5 liitrit tunnis. Tubadele kuni 100m\u00b3. Eelsoojendusega v\u00f5i ilma (sooja udu re\u017eiim). Sooja udu re\u017eiim: t\u00e4nu soojendusfunktsioonile on niisutaja optimaalne efektiivsus. Sooja udu levitades saavutatakse m\u00f5nus \u00f5huniiskus \u00fchtlaseks kiiremini. Automaatne v\u00e4ljal\u00fclitus, kui veepaak on t\u00fchi. Reguleeritav udustamise intensiivsus: k\u00f5rge \/ keskmine \/ madal. Taimer: 2, 4 v\u00f5i 6 tundi. Atmosf\u00e4\u00e4ri valgustus. Eemaldatav veepaak: 5L. Puutetundlik juhtimine. L\u00f5hnaainesahtel. Mitmesuunaline: m\u00e4\u00e4rake udu hajutamise suund. M\u00f5\u00f5dud: 21 x 21 x 30 cm<\/p>","protected":false},"featured_media":16913,"template":"","meta":{"om_disable_all_campaigns":false,"_uf_show_specific_survey":0,"_uf_disable_surveys":false},"product_brand":[933],"product_cat":[955,1015,1169],"product_tag":[116],"class_list":{"0":"post-6229","1":"product","2":"type-product","3":"status-publish","4":"has-post-thumbnail","6":"product_brand-domo","7":"product_cat-kodu","8":"product_cat-kodutehnika-kodu","9":"product_cat-ohuniisutajad-kodutehnika-kodu","10":"product_tag-domo","12":"first","13":"instock","14":"taxable","15":"shipping-taxable","16":"purchasable","17":"product-type-simple"},"aioseo_notices":[],"_links":{"self":[{"href":"https:\/\/homeemotion.lt\/lt\/wp-json\/wp\/v2\/product\/6229","targetHints":{"allow":["GET"]}}],"collection":[{"href":"https:\/\/homeemotion.lt\/lt\/wp-json\/wp\/v2\/product"}],"about":[{"href":"https:\/\/homeemotion.lt\/lt\/wp-json\/wp\/v2\/types\/product"}],"wp:featuredmedia":[{"embeddable":true,"href":"https:\/\/homeemotion.lt\/lt\/wp-json\/wp\/v2\/media\/16913"}],"wp:attachment":[{"href":"https:\/\/homeemotion.lt\/lt\/wp-json\/wp\/v2\/media?parent=6229"}],"wp:term":[{"taxonomy":"product_brand","embeddable":true,"href":"https:\/\/homeemotion.lt\/lt\/wp-json\/wp\/v2\/product_brand?post=6229"},{"taxonomy":"product_cat","embeddable":true,"href":"https:\/\/homeemotion.lt\/lt\/wp-json\/wp\/v2\/product_cat?post=6229"},{"taxonomy":"product_tag","embeddable":true,"href":"https:\/\/homeemotion.lt\/lt\/wp-json\/wp\/v2\/product_tag?post=6229"}],"curies":[{"name":"wp","href":"https:\/\/api.w.org\/{rel}","templated":true}]}}