{"id":6011,"date":"2020-04-12T13:05:32","date_gmt":"2020-04-12T10:05:32","guid":{"rendered":"https:\/\/homeemotion.lt\/toode\/sonicare-for-kids-asendusharjapead-2tk\/"},"modified":"2026-04-17T17:36:35","modified_gmt":"2026-04-17T14:36:35","slug":"sonicare-for-kids-asendusharjapead-2tk","status":"publish","type":"product","link":"https:\/\/homeemotion.lt\/lt\/toode\/sonicare-for-kids-asendusharjapead-2tk\/","title":{"rendered":"\"Philips Sonicare For Kids\" dant\u0173 \u0161epet\u0117lio patarimai"},"content":{"rendered":"<p><strong>Tipptasemel puhastamine sekunditega.*<\/strong><\/p>\n<p class=\"p-body-copy-02\">Sonicare For Kids hambaharjapea sobib ideaalselt v\u00e4ikestele, kasvavate hammastega suudele. See t\u00f6\u00f6tab ainult koos For Kids elektrilise hambaharjaga, mis tagavad \u00fcheskoos ohutu ja meeldivama elamuse, mis on laste jaoks l\u00f5bus ja harjumust tekitav.<\/p>\n<div id=\"see-all-benefits\" class=\"p-s01__pdp-overview-wraper\">\n<div class=\"s01highlight s01-highlights-banner component-base\">\n<section class=\"p-s01-highlights\">\n<div class=\"p-row-gutter p-comp-spacing-bottom\">\n<h3 class=\"p-heading-03 p-heading-medium p-s01__highlights-subtitle\">Puhastab ja kaitseb kasvavaid naeratusi vanuses 3+<\/h3>\n<ul class=\"p-bullets p-large p-s01__bullets p-heading-medium\">\n<li class=\"p-s01__bullet\">Kahene komplekt<\/li>\n<li class=\"p-s01__bullet\">Kompaktne suurus<\/li>\n<li class=\"p-s01__bullet\">Kinnikl\u00f5psatav<\/li>\n<li class=\"p-s01__bullet\">Lapses\u00f5bralik puhastamine<\/li>\n<\/ul>\n<\/div>\n<\/section>\n<\/div>\n<\/div>\n<div class=\"productFeatures s12-product-features component-base\">\n<section class=\"p-complete p-s12-product-features\" data-close-popup-label=\"Tagasi\">\n<div class=\"p-row-gutter p-comp-spacing-bottom\">\n<div class=\"p-s12__feature-list\">\n<div class=\"p-s12__row\">\n<div class=\"p-s12__feature-item p-spacing-bottom-c\">\n<div class=\"p-s12__feature-image p-spacing-bottom-a\"><img decoding=\"async\" class=\"\" src=\"https:\/\/images.philips.com\/is\/image\/philipsconsumer\/ad9e5041b79a4b4f9375ac61014a2727?wid=305&amp;hei=173&amp;$jpglarge$\" alt=\"Vanus 3+\" \/><\/div>\n<div class=\"p-s12__feature-description p-spacing-bottom-a\">\n<h3 class=\"p-heading-04-large p-heading-bold p-feature-title\">Vanus 3+<\/h3>\n<p class=\"p-body-copy-02\">Philipsi Sonicare For Kids standardsel hambaharjapeal on reljeefne kuju, et sobida teie v\u00e4hemalt 3-aastase lapse hammastega, ning pehmed harjased, et puhastamine oleks \u00f5rn. Samuti on hambaharjapea tagaosa kummist, et hambapesu oleks ohutum ja meeldivam. Saadaval ka suuremas standardsuuruses, lastele vanuses 7+.<\/p>\n<\/div>\n<\/div>\n<div class=\"p-s12__feature-item p-spacing-bottom-c\">\n<div class=\"p-s12__feature-image p-spacing-bottom-a\"><img decoding=\"async\" class=\"\" src=\"https:\/\/images.philips.com\/is\/image\/philipsconsumer\/a3e9caef23de4b618591ac62003ac4ff?wid=305&amp;hei=173&amp;$jpglarge$\" alt=\"T\u00e4nu tipptasemel puhastamisele v\u00f5etakse igast sekundist maksimum.\" \/><\/div>\n<div class=\"p-s12__feature-description p-spacing-bottom-a\">\n<h3 class=\"p-heading-04-large p-heading-bold p-feature-title\">T\u00e4nu tipptasemel puhastamisele v\u00f5etakse igast sekundist maksimum.<\/h3>\n<p class=\"p-body-copy-02\">Meie Sonic-tehnoloogia v\u00f5imaldab teil saada maksimaalne tulemus selle l\u00fchikese ajaga, mil laps hambaid peseb. Lisaks kujunevad lapsel v\u00e4lja tervislikud harjumused ja ta omandab t\u00e4iusliku hambapesutehnika.<\/p>\n<\/div>\n<\/div>\n<div class=\"p-s12__feature-item p-spacing-bottom-c\">\n<div class=\"p-s12__feature-image p-spacing-bottom-a\"><img decoding=\"async\" class=\"\" src=\"https:\/\/images.philips.com\/is\/image\/philipsconsumer\/c5a92e89098d4191a4d1ac6101770216?wid=305&amp;hei=173&amp;$jpglarge$\" alt=\"Philips Sonicare'i t\u00e4iustatud Sonic-tehnoloogia\" \/><\/div>\n<div class=\"p-s12__feature-description p-spacing-bottom-a\">\n<h3 class=\"p-heading-04-large p-heading-bold p-feature-title\">Philips Sonicare&#8217;i t\u00e4iustatud Sonic-tehnoloogia<\/h3>\n<p class=\"p-body-copy-02\">Philips Sonicare&#8217;i t\u00e4iustatud Sonic-tehnoloogia suunab vett hammaste vahele ning selle harjased aitavad l\u00f5hustada ja eemaldada hambakattu, tagades silmapaistva igap\u00e4evase puhtuse.<\/p>\n<\/div>\n<\/div>\n<\/div>\n<div class=\"p-s12__more-features p-s12__toggle-item\">\n<div class=\"p-s12__more-features--inner\">\n<div class=\"p-s12__row\">\n<div class=\"p-s12__feature-item p-spacing-bottom-c\">\n<div class=\"p-s12__feature-image p-spacing-bottom-a\"><img decoding=\"async\" class=\"\" src=\"https:\/\/images.philips.com\/is\/image\/philipsconsumer\/bb556fc947f94d9fb074ac61015a0741?wid=305&amp;hei=173&amp;$jpglarge$\" alt=\"Sobib k\u00f5ikidele Philips Sonicare\u2019i kinnikl\u00f5psatavatele hambaharjadele\" \/><\/div>\n<div class=\"p-s12__feature-description p-spacing-bottom-a\">\n<h3 class=\"p-heading-04-large p-heading-bold p-feature-title\">Sobib k\u00f5ikidele Philips Sonicare\u2019i kinnikl\u00f5psatavatele hambaharjadele<\/h3>\n<p class=\"p-body-copy-02\">Philipsi Sonicare For Kidsi hambaharjapea on k\u00e4epideme k\u00fclge kl\u00f5psatav, et see p\u00fcsiks selle k\u00fcljes kindlalt ning et seda oleks lihtne pesta ja hooldada.<\/p>\n<\/div>\n<\/div>\n<div class=\"p-s12__feature-item p-spacing-bottom-c\">\n<div class=\"p-s12__feature-image p-spacing-bottom-a\"><img decoding=\"async\" class=\"\" src=\"https:\/\/images.philips.com\/is\/image\/philipsconsumer\/aca99117baef471c83b2adba01050847?wid=305&amp;hei=173&amp;$jpglarge$\" alt=\"Osa veelgi parematest suu tervishoiu harjumustest\" \/><\/div>\n<div class=\"p-s12__feature-description p-spacing-bottom-a\">\n<h3 class=\"p-heading-04-large p-heading-bold p-feature-title\">Osa veelgi parematest suu tervishoiu harjumustest<\/h3>\n<p class=\"p-body-copy-02\">Nagu k\u00f5igil ainulaadsetel Philips Sonicare&#8217;i hambaharjapeadel on ka selle hambaharjapea kasutamine hammastele ja igemetele \u00f5rn. Iga harjapea on l\u00e4binud kvaliteedikontrolli, et tagada \u00fclihea tulemuse ja vastupidavuse.<\/p>\n<\/div>\n<\/div>\n<\/div>\n<\/div>\n<\/div>\n<\/div>\n<\/div>\n<\/section>\n<\/div>","protected":false},"excerpt":{"rendered":"<p>Sonicare For Kids asendusharjapead. Komplektis 2tk. Lastele 3+ aastat. T\u00fc\u00fcpsuurus. Sobivad: ForKids; HealthyWhite; HealthyWhite+<\/p>","protected":false},"featured_media":17124,"template":"","meta":{"om_disable_all_campaigns":false,"_uf_show_specific_survey":0,"_uf_disable_surveys":false},"product_brand":[1096],"product_cat":[1051,985,986],"product_tag":[618],"class_list":{"0":"post-6011","1":"product","2":"type-product","3":"status-publish","4":"has-post-thumbnail","6":"product_brand-philips-ph","7":"product_cat-hambaharjad","8":"product_cat-ilu","9":"product_cat-ilutooted","10":"product_tag-philips-ph","12":"first","13":"instock","14":"taxable","15":"shipping-taxable","16":"purchasable","17":"product-type-simple"},"aioseo_notices":[],"_links":{"self":[{"href":"https:\/\/homeemotion.lt\/lt\/wp-json\/wp\/v2\/product\/6011","targetHints":{"allow":["GET"]}}],"collection":[{"href":"https:\/\/homeemotion.lt\/lt\/wp-json\/wp\/v2\/product"}],"about":[{"href":"https:\/\/homeemotion.lt\/lt\/wp-json\/wp\/v2\/types\/product"}],"wp:featuredmedia":[{"embeddable":true,"href":"https:\/\/homeemotion.lt\/lt\/wp-json\/wp\/v2\/media\/17124"}],"wp:attachment":[{"href":"https:\/\/homeemotion.lt\/lt\/wp-json\/wp\/v2\/media?parent=6011"}],"wp:term":[{"taxonomy":"product_brand","embeddable":true,"href":"https:\/\/homeemotion.lt\/lt\/wp-json\/wp\/v2\/product_brand?post=6011"},{"taxonomy":"product_cat","embeddable":true,"href":"https:\/\/homeemotion.lt\/lt\/wp-json\/wp\/v2\/product_cat?post=6011"},{"taxonomy":"product_tag","embeddable":true,"href":"https:\/\/homeemotion.lt\/lt\/wp-json\/wp\/v2\/product_tag?post=6011"}],"curies":[{"name":"wp","href":"https:\/\/api.w.org\/{rel}","templated":true}]}}