{"id":6004,"date":"2020-04-12T13:05:32","date_gmt":"2020-04-12T10:05:32","guid":{"rendered":"https:\/\/homeemotion.lt\/toode\/sonicare-diamondclean-compact-asendusharjapead-4tk\/"},"modified":"2026-04-17T19:11:34","modified_gmt":"2026-04-17T16:11:34","slug":"sonicare-diamondclean-compact-asendusharjapead-4tk","status":"publish","type":"product","link":"https:\/\/homeemotion.lt\/lt\/toode\/sonicare-diamondclean-compact-asendusharjapead-4tk\/","title":{"rendered":"\"Philips Sonicare DiamondClean Compact\" dant\u0173 \u0161epet\u0117lio antgaliai"},"content":{"rendered":"<p><strong>Kuni 100% valgemad hambad vaid \u00fche n\u00e4dalaga*<\/strong><\/p>\n<p class=\"p-body-copy-02\">W2c Optimal White hambaharjapea sobib ideaalselt neile, kes soovivad p\u00f5hjalikust puhastusest enamat \u2013 eemaldada hammaste pinnalt plekid ja luua s\u00e4ravvalge naeratus. See harjapea sobib suurep\u00e4raselt ka hammaste s\u00e4ra s\u00e4ilitamiseks professionaalsete valgenduste vahel.<\/p>","protected":false},"excerpt":{"rendered":"<p>Sonicare DiamondClean Compact asendusharjapead. Komplektis 4tk. BrushSync-re\u017eiimi \u00fchildumine v\u00e4iksem hari, t\u00fc\u00fcpkinnitus. Sobivad: DiamondClean: EasyClean; FlexCare;FlexCare Platinum; FlexCare+; Lastele; HealthyWhite; HealthyWhite+<\/p>","protected":false},"featured_media":17127,"template":"","meta":{"om_disable_all_campaigns":false,"_uf_show_specific_survey":0,"_uf_disable_surveys":false},"product_brand":[1096],"product_cat":[1051,985,986],"product_tag":[618],"class_list":{"0":"post-6004","1":"product","2":"type-product","3":"status-publish","4":"has-post-thumbnail","6":"product_brand-philips-ph","7":"product_cat-hambaharjad","8":"product_cat-ilu","9":"product_cat-ilutooted","10":"product_tag-philips-ph","12":"first","13":"instock","14":"taxable","15":"shipping-taxable","16":"purchasable","17":"product-type-simple"},"aioseo_notices":[],"_links":{"self":[{"href":"https:\/\/homeemotion.lt\/lt\/wp-json\/wp\/v2\/product\/6004","targetHints":{"allow":["GET"]}}],"collection":[{"href":"https:\/\/homeemotion.lt\/lt\/wp-json\/wp\/v2\/product"}],"about":[{"href":"https:\/\/homeemotion.lt\/lt\/wp-json\/wp\/v2\/types\/product"}],"wp:featuredmedia":[{"embeddable":true,"href":"https:\/\/homeemotion.lt\/lt\/wp-json\/wp\/v2\/media\/17127"}],"wp:attachment":[{"href":"https:\/\/homeemotion.lt\/lt\/wp-json\/wp\/v2\/media?parent=6004"}],"wp:term":[{"taxonomy":"product_brand","embeddable":true,"href":"https:\/\/homeemotion.lt\/lt\/wp-json\/wp\/v2\/product_brand?post=6004"},{"taxonomy":"product_cat","embeddable":true,"href":"https:\/\/homeemotion.lt\/lt\/wp-json\/wp\/v2\/product_cat?post=6004"},{"taxonomy":"product_tag","embeddable":true,"href":"https:\/\/homeemotion.lt\/lt\/wp-json\/wp\/v2\/product_tag?post=6004"}],"curies":[{"name":"wp","href":"https:\/\/api.w.org\/{rel}","templated":true}]}}